{"id":1083,"date":"2021-08-19T09:38:25","date_gmt":"2021-08-19T07:38:25","guid":{"rendered":"https:\/\/www.monprof.de\/?page_id=1083"},"modified":"2021-08-19T09:58:05","modified_gmt":"2021-08-19T07:58:05","slug":"dans-la-cuisine-in-der-kueche","status":"publish","type":"page","link":"https:\/\/www.monprof.de\/?page_id=1083","title":{"rendered":"Dans la cuisine (in der K\u00fcche)"},"content":{"rendered":"\n<p><strong><span class=\"has-inline-color has-vivid-red-color\">Le petit-d\u00e9jeuner<\/span><\/strong> (das Fr\u00fchst\u00fcck)<\/p>\n\n\n\n<div class=\"wp-block-columns is-layout-flex wp-container-4\">\n<div class=\"wp-block-column is-layout-flow\">\n<div class=\"wp-block-image\"><figure class=\"aligncenter size-large\"><a href=\"https:\/\/learningapps.org\/watch?v=pmy9vmcqn21\" target=\"_blank\" rel=\"noopener\"><img decoding=\"async\" loading=\"lazy\" width=\"219\" height=\"120\" src=\"https:\/\/www.monprof.de\/wp-content\/uploads\/2021\/08\/uebung_fruehstueck-memory-ton.png\" alt=\"\" class=\"wp-image-1091\"\/><\/a><\/figure><\/div>\n\n\n\n<p class=\"has-text-align-center\"><a href=\"https:\/\/learningapps.org\/watch?v=pmy9vmcqn21\" target=\"_blank\" rel=\"noreferrer noopener\"><strong>Memory<\/strong><br><em>(H\u00f6rverstehen)<\/em><\/a><\/p>\n<\/div>\n\n\n\n<div class=\"wp-block-column is-layout-flow\">\n<div class=\"wp-block-image\"><figure class=\"aligncenter size-large\"><a href=\"https:\/\/learningapps.org\/watch?v=p88d54ahc21\" target=\"_blank\" rel=\"noopener\"><img decoding=\"async\" loading=\"lazy\" width=\"219\" height=\"120\" src=\"https:\/\/www.monprof.de\/wp-content\/uploads\/2021\/08\/uebung_fruehstueck-memory-text.png\" alt=\"\" class=\"wp-image-1092\"\/><\/a><\/figure><\/div>\n\n\n\n<p class=\"has-text-align-center\"><a href=\"https:\/\/learningapps.org\/watch?v=p88d54ahc21\" target=\"_blank\" rel=\"noreferrer noopener\"><strong>Memory<\/strong><br><em>(Leseverstehen)<\/em><\/a><\/p>\n<\/div>\n\n\n\n<div class=\"wp-block-column is-layout-flow\">\n<div class=\"wp-block-image\"><figure class=\"aligncenter size-large\"><a href=\"https:\/\/learningapps.org\/watch?v=pyzvjsf7n21\" target=\"_blank\" rel=\"noopener\"><img decoding=\"async\" loading=\"lazy\" width=\"219\" height=\"120\" src=\"https:\/\/www.monprof.de\/wp-content\/uploads\/2021\/08\/uebung_baeckerei.png\" alt=\"\" class=\"wp-image-1094\"\/><\/a><\/figure><\/div>\n\n\n\n<p class=\"has-text-align-center\"><a href=\"https:\/\/learningapps.org\/watch?v=pyzvjsf7n21\" target=\"_blank\" rel=\"noreferrer noopener\"><strong>In der B\u00e4ckerei<\/strong><br><em>(Quiz)<\/em><\/a><\/p>\n<\/div>\n<\/div>\n\n\n\n<hr class=\"wp-block-separator\"\/>\n\n\n\n<p><strong><span class=\"has-inline-color has-vivid-red-color\">\u00c0 table <\/span><\/strong>(zu Tisch)<\/p>\n\n\n\n<div class=\"wp-block-columns is-layout-flex wp-container-8\">\n<div class=\"wp-block-column is-layout-flow\">\n<div class=\"wp-block-image\"><figure class=\"aligncenter size-large\"><a href=\"https:\/\/learningapps.org\/watch?v=pf08bg6fj21\" target=\"_blank\" rel=\"noopener\"><img decoding=\"async\" loading=\"lazy\" width=\"219\" height=\"120\" src=\"https:\/\/www.monprof.de\/wp-content\/uploads\/2021\/08\/uebung_tisch-decken-memory-ton.png\" alt=\"\" class=\"wp-image-1095\"\/><\/a><\/figure><\/div>\n\n\n\n<p class=\"has-text-align-center\"><a href=\"https:\/\/learningapps.org\/watch?v=pf08bg6fj21\" target=\"_blank\" rel=\"noreferrer noopener\"><strong>Memory<\/strong><br><em>(H\u00f6rverstehen)<\/em><\/a><\/p>\n<\/div>\n\n\n\n<div class=\"wp-block-column is-layout-flow\">\n<div class=\"wp-block-image\"><figure class=\"aligncenter size-large\"><a href=\"https:\/\/learningapps.org\/watch?v=pnmtdxj8j21\" target=\"_blank\" rel=\"noopener\"><img decoding=\"async\" loading=\"lazy\" width=\"219\" height=\"120\" src=\"https:\/\/www.monprof.de\/wp-content\/uploads\/2021\/08\/uebung_tisch-decken-memory-text.png\" alt=\"\" class=\"wp-image-1096\"\/><\/a><\/figure><\/div>\n\n\n\n<p class=\"has-text-align-center\"><a href=\"https:\/\/learningapps.org\/watch?v=pnmtdxj8j21\" target=\"_blank\" rel=\"noreferrer noopener\"><strong>Memory<\/strong><br><em>(Leseverstehen)<\/em><\/a><\/p>\n<\/div>\n\n\n\n<div class=\"wp-block-column is-layout-flow\">\n<div class=\"wp-block-image\"><figure class=\"aligncenter size-large\"><a href=\"https:\/\/learningapps.org\/watch?v=pbkgb1d3c21\" target=\"_blank\" rel=\"noopener\"><img decoding=\"async\" loading=\"lazy\" width=\"219\" height=\"120\" src=\"https:\/\/www.monprof.de\/wp-content\/uploads\/2021\/08\/uebung_tisch-decken-wortgitter.png\" alt=\"\" class=\"wp-image-1097\"\/><\/a><\/figure><\/div>\n\n\n\n<p class=\"has-text-align-center\"><a href=\"https:\/\/learningapps.org\/watch?v=pbkgb1d3c21\" target=\"_blank\" rel=\"noreferrer noopener\"><strong>Wortsuche<\/strong><br><em>(Text)<\/em><\/a><\/p>\n<\/div>\n<\/div>\n\n\n\n<hr class=\"wp-block-separator\"\/>\n\n\n\n<p><strong><span class=\"has-inline-color has-vivid-red-color\">Dans la cuisine<\/span><\/strong> (In der K\u00fcche)<\/p>\n\n\n\n<div class=\"wp-block-columns is-layout-flex wp-container-12\">\n<div class=\"wp-block-column is-layout-flow\">\n<div class=\"wp-block-image\"><figure class=\"aligncenter size-large\"><a href=\"https:\/\/learningapps.org\/watch?v=p0rsr92u521\" target=\"_blank\" rel=\"noopener\"><img decoding=\"async\" loading=\"lazy\" width=\"219\" height=\"120\" src=\"https:\/\/www.monprof.de\/wp-content\/uploads\/2021\/08\/uebung_kuechengeraete-memory-ton.png\" alt=\"\" class=\"wp-image-1098\"\/><\/a><\/figure><\/div>\n\n\n\n<p class=\"has-text-align-center\"><a href=\"https:\/\/learningapps.org\/watch?v=p0rsr92u521\" target=\"_blank\" rel=\"noreferrer noopener\">K\u00fcchenger\u00e4te<br><strong>Memory<\/strong><br><em>(H\u00f6rverstehen)<\/em><\/a><\/p>\n<\/div>\n\n\n\n<div class=\"wp-block-column is-layout-flow\">\n<div class=\"wp-block-image\"><figure class=\"aligncenter size-large\"><a href=\"https:\/\/learningapps.org\/watch?v=pukr70jqj21\" target=\"_blank\" rel=\"noopener\"><img decoding=\"async\" loading=\"lazy\" width=\"219\" height=\"120\" src=\"https:\/\/www.monprof.de\/wp-content\/uploads\/2021\/08\/uebung_kuechengeraete-memory-text.png\" alt=\"\" class=\"wp-image-1099\"\/><\/a><\/figure><\/div>\n\n\n\n<p class=\"has-text-align-center\"><a href=\"https:\/\/learningapps.org\/watch?v=pukr70jqj21\" target=\"_blank\" rel=\"noreferrer noopener\">K\u00fcchenger\u00e4te<br><strong>Memory<\/strong><br><em>(Leseverstehen)<\/em><\/a><\/p>\n<\/div>\n\n\n\n<div class=\"wp-block-column is-layout-flow\">\n<div class=\"wp-block-image\"><figure class=\"aligncenter size-large\"><a href=\"https:\/\/learningapps.org\/watch?v=ppj2wsuja21\" target=\"_blank\" rel=\"noopener\"><img decoding=\"async\" loading=\"lazy\" width=\"219\" height=\"120\" src=\"https:\/\/www.monprof.de\/wp-content\/uploads\/2021\/08\/uebung_kueche-sortieren-ton.png\" alt=\"\" class=\"wp-image-1100\"\/><\/a><\/figure><\/div>\n\n\n\n<p class=\"has-text-align-center\"><a href=\"https:\/\/learningapps.org\/watch?v=ppj2wsuja21\" target=\"_blank\" rel=\"noreferrer noopener\"><strong>Sortieren<\/strong><br>K\u00fcche aufr\u00e4umen<br><em>(mit Ton)<\/em> <\/a><\/p>\n<\/div>\n<\/div>\n\n\n\n<hr class=\"wp-block-separator\"\/>\n\n\n\n<div class=\"wp-block-columns is-layout-flex wp-container-16\">\n<div class=\"wp-block-column is-layout-flow\">\n<div class=\"wp-block-image\"><figure class=\"aligncenter size-large\"><a href=\"https:\/\/learningapps.org\/watch?v=pbczg193521\" target=\"_blank\" rel=\"noopener\"><img decoding=\"async\" loading=\"lazy\" width=\"219\" height=\"120\" src=\"https:\/\/www.monprof.de\/wp-content\/uploads\/2021\/08\/uebung_kuechenutensilien-memory-ton.png\" alt=\"\" class=\"wp-image-1101\"\/><\/a><\/figure><\/div>\n\n\n\n<p class=\"has-text-align-center\"><a href=\"https:\/\/learningapps.org\/watch?v=pbczg193521\" target=\"_blank\" rel=\"noreferrer noopener\">K\u00fcchenutensilien<br><strong>Memory<\/strong><br><em>(H\u00f6rverstehen)<\/em><\/a><\/p>\n<\/div>\n\n\n\n<div class=\"wp-block-column is-layout-flow\">\n<div class=\"wp-block-image\"><figure class=\"aligncenter size-large\"><a href=\"https:\/\/learningapps.org\/watch?v=p85pzo6e321\" target=\"_blank\" rel=\"noopener\"><img decoding=\"async\" loading=\"lazy\" width=\"219\" height=\"120\" src=\"https:\/\/www.monprof.de\/wp-content\/uploads\/2021\/08\/uebung_kuechenutensilien-memory-text.png\" alt=\"\" class=\"wp-image-1102\"\/><\/a><\/figure><\/div>\n\n\n\n<p class=\"has-text-align-center\"><a href=\"https:\/\/learningapps.org\/watch?v=p85pzo6e321\" target=\"_blank\" rel=\"noreferrer noopener\">K\u00fcchenutensilien<br><strong>Memory<\/strong><br><em>(Leseverstehen)<\/em><\/a><\/p>\n<\/div>\n\n\n\n<div class=\"wp-block-column is-layout-flow\">\n<div class=\"wp-block-image\"><figure class=\"aligncenter size-large\"><a href=\"https:\/\/learningapps.org\/watch?v=pi7obd2gj21\" target=\"_blank\" rel=\"noopener\"><img decoding=\"async\" loading=\"lazy\" width=\"219\" height=\"120\" src=\"https:\/\/www.monprof.de\/wp-content\/uploads\/2021\/08\/uebung_kueche-sortieren-text.png\" alt=\"\" class=\"wp-image-1103\"\/><\/a><\/figure><\/div>\n\n\n\n<p class=\"has-text-align-center\"><a href=\"https:\/\/learningapps.org\/watch?v=pi7obd2gj21\" target=\"_blank\" rel=\"noreferrer noopener\"><strong>Sortieren<\/strong><br>K\u00fcche aufr\u00e4umen<br><em>(mit Text)<\/em><\/a><\/p>\n<\/div>\n<\/div>\n\n\n\n<hr class=\"wp-block-separator\"\/>\n\n\n\n<p><\/p>\n","protected":false},"excerpt":{"rendered":"<p>Le petit-d\u00e9jeuner (das Fr\u00fchst\u00fcck) Memory(H\u00f6rverstehen) Memory(Leseverstehen) In der B\u00e4ckerei(Quiz) \u00c0 table (zu Tisch) Memory(H\u00f6rverstehen) Memory(Leseverstehen) Wortsuche(Text) Dans la cuisine (In der K\u00fcche) K\u00fcchenger\u00e4teMemory(H\u00f6rverstehen) K\u00fcchenger\u00e4teMemory(Leseverstehen) SortierenK\u00fcche aufr\u00e4umen(mit Ton) K\u00fcchenutensilienMemory(H\u00f6rverstehen) K\u00fcchenutensilienMemory(Leseverstehen) SortierenK\u00fcche aufr\u00e4umen(mit Text)<\/p>\n","protected":false},"author":4,"featured_media":0,"parent":0,"menu_order":0,"comment_status":"closed","ping_status":"closed","template":"","meta":[],"_links":{"self":[{"href":"https:\/\/www.monprof.de\/index.php?rest_route=\/wp\/v2\/pages\/1083"}],"collection":[{"href":"https:\/\/www.monprof.de\/index.php?rest_route=\/wp\/v2\/pages"}],"about":[{"href":"https:\/\/www.monprof.de\/index.php?rest_route=\/wp\/v2\/types\/page"}],"author":[{"embeddable":true,"href":"https:\/\/www.monprof.de\/index.php?rest_route=\/wp\/v2\/users\/4"}],"replies":[{"embeddable":true,"href":"https:\/\/www.monprof.de\/index.php?rest_route=%2Fwp%2Fv2%2Fcomments&post=1083"}],"version-history":[{"count":7,"href":"https:\/\/www.monprof.de\/index.php?rest_route=\/wp\/v2\/pages\/1083\/revisions"}],"predecessor-version":[{"id":1108,"href":"https:\/\/www.monprof.de\/index.php?rest_route=\/wp\/v2\/pages\/1083\/revisions\/1108"}],"wp:attachment":[{"href":"https:\/\/www.monprof.de\/index.php?rest_route=%2Fwp%2Fv2%2Fmedia&parent=1083"}],"curies":[{"name":"wp","href":"https:\/\/api.w.org\/{rel}","templated":true}]}}