{"id":1157,"date":"2022-01-03T18:39:03","date_gmt":"2022-01-03T17:39:03","guid":{"rendered":"https:\/\/www.monprof.de\/?page_id=1157"},"modified":"2024-01-10T06:37:16","modified_gmt":"2024-01-10T05:37:16","slug":"l-epiphanie-der-dreikoenigstag","status":"publish","type":"page","link":"https:\/\/www.monprof.de\/?page_id=1157","title":{"rendered":"l&#8216; \u00c9piphanie &#8211; der Dreik\u00f6nigstag"},"content":{"rendered":"\n<div class=\"wp-block-columns is-layout-flex wp-container-3\">\n<div class=\"wp-block-column is-layout-flow\" style=\"flex-basis:33.33%\">\n<figure class=\"wp-block-audio alignleft\"><audio controls src=\"https:\/\/www.monprof.de\/wp-content\/uploads\/2022\/01\/Vorlesen-Text-Epiphanie.mp3\"><\/audio><\/figure>\n<\/div>\n\n\n\n<div class=\"wp-block-column is-layout-flow\" style=\"flex-basis:66.66%\"><\/div>\n<\/div>\n\n\n\n<p>An jedem 6. Januar im Jahr ist es soweit. Bei unseren Nachbarn in Frankreich ist dann n\u00e4mlich der Tag der Heiligen Drei K\u00f6nige. W\u00e4hrend bei uns in Deutschland an diesem Tag die Heiligen K\u00f6nige von T\u00fcr zu T\u00fcr wandern und die H\u00e4user segnen, indem sie mit Kreide eine Botschaft auf den T\u00fcren hinterlassen, feiern die Franzosen diesen Tag mit einem leckeren Kuchen.<br><strong>Aber Vorsicht! Nicht zu fest zubei\u00dfen!<\/strong> Wenn du dich jetzt fragst warum, dann kannst du dir eines dieser beiden Videos ansehen:<\/p>\n\n\n\n<div class=\"wp-block-columns is-layout-flex wp-container-6\">\n<div class=\"wp-block-column is-layout-flow\">\n<figure class=\"wp-block-embed is-type-video is-provider-youtube wp-block-embed-youtube wp-embed-aspect-16-9 wp-has-aspect-ratio\"><div class=\"wp-block-embed__wrapper\">\n<iframe loading=\"lazy\" title=\"Dreik\u00f6nigstag in Frankreich: die &quot;Galette des Rois&quot;\" width=\"832\" height=\"468\" src=\"https:\/\/www.youtube.com\/embed\/roRl2OhhCkw?feature=oembed\" frameborder=\"0\" allow=\"accelerometer; autoplay; clipboard-write; encrypted-media; gyroscope; picture-in-picture; web-share\" allowfullscreen><\/iframe>\n<\/div><figcaption class=\"wp-element-caption\">(Aus was der Kuchen besteht)<\/figcaption><\/figure>\n\n\n\n<p><em><span class=\"has-inline-color has-cyan-bluish-gray-color\"><strong>Quelle:<\/strong> Youtube \/ Franz\u00f6sische Botschaft<br><strong>Dauer:<\/strong> 1:18 min<\/span><\/em><\/p>\n<\/div>\n\n\n\n<div class=\"wp-block-column is-layout-flow\">\n<figure class=\"wp-block-embed is-type-video is-provider-youtube wp-block-embed-youtube wp-embed-aspect-16-9 wp-has-aspect-ratio\"><div class=\"wp-block-embed__wrapper\">\n<iframe loading=\"lazy\" title=\"Die Galette des Rois: Majest\u00e4tische Delikatesse | Karambolage Reupload | ARTE\" width=\"832\" height=\"468\" src=\"https:\/\/www.youtube.com\/embed\/yu3KbXZoE9k?feature=oembed\" frameborder=\"0\" allow=\"accelerometer; autoplay; clipboard-write; encrypted-media; gyroscope; picture-in-picture; web-share\" allowfullscreen><\/iframe>\n<\/div><figcaption class=\"wp-element-caption\">(Erkl\u00e4rung des Brauchs)<\/figcaption><\/figure>\n\n\n\n<p><em><span class=\"has-inline-color has-cyan-bluish-gray-color\"><strong>Quelle:<\/strong> Youtube \/ ARTE<br><strong>Dauer:<\/strong> 3:17 min<\/span><\/em><\/p>\n<\/div>\n<\/div>\n\n\n\n<p><strong>Na? Wei\u00dft du jetzt, wie man das Fest der Drei Heiligen K\u00f6nige in Frankreich feiert?<\/strong><br><strong>Hier kannst du dein Wissen testen:<\/strong><\/p>\n\n\n\n<hr class=\"wp-block-separator has-css-opacity\"\/>\n\n\n\n<p><code><div class=\"h5p-iframe-wrapper\"><iframe id=\"h5p-iframe-9\" class=\"h5p-iframe\" data-content-id=\"9\" style=\"height:1px\" src=\"about:blank\" frameBorder=\"0\" scrolling=\"no\" title=\"\u00dcbung zur \u00c9piphanie\"><\/iframe><\/div><\/code><\/p>\n\n\n\n<hr class=\"wp-block-separator has-css-opacity\"\/>\n\n\n\n<p>Nat\u00fcrlich kann man an dem Fest der Drei Heiligen K\u00f6nige ( = l&#8217;\u00c9piphanie ) auch ein passendes Lied singen:<\/p>\n\n\n\n<div class=\"wp-block-columns is-layout-flex wp-container-9\">\n<div class=\"wp-block-column is-layout-flow\">\n<figure class=\"wp-block-embed is-type-video is-provider-youtube wp-block-embed-youtube wp-embed-aspect-16-9 wp-has-aspect-ratio\"><div class=\"wp-block-embed__wrapper\">\n<iframe loading=\"lazy\" title=\"J&#039;aime la Galette\" width=\"832\" height=\"468\" src=\"https:\/\/www.youtube.com\/embed\/qooy_7gn1fk?feature=oembed\" frameborder=\"0\" allow=\"accelerometer; autoplay; clipboard-write; encrypted-media; gyroscope; picture-in-picture; web-share\" allowfullscreen><\/iframe>\n<\/div><\/figure>\n<\/div>\n\n\n\n<div class=\"wp-block-column is-layout-flow\">\n<blockquote class=\"wp-block-quote\">\n<p><em>Text \u00fcbersetzt:<\/em><br><br><strong>Ich liebe den DreiK\u00f6nigskuchen, wisst ihr wie?<br>Wenn er gut gemacht ist, mit Butter darin.<br>Tra-la-la-la La-la-la-la-l\u00e8re<br>Tra-la-la-la La-la-la-la-la<\/strong><br><br><em><span class=\"has-inline-color has-cyan-bluish-gray-color\"><strong>Quelle: <\/strong>Youtube \/ Les Patapons<\/span><\/em><\/p>\n<\/blockquote>\n<\/div>\n<\/div>\n\n\n\n<h2 class=\"wp-block-heading\">Hier kannst du den Wortschatz \u00fcben:<\/h2>\n\n\n\n<p><em>H\u00f6re dir die W\u00f6rter genau an und spreche sie mehrmals nach.<\/em> Nutze die M\u00f6glichkeit, dir die W\u00f6rter wiederholt vorsprechen zu lassen.<\/p>\n\n\n\n<div class=\"wp-block-columns is-layout-flex wp-container-12\">\n<div class=\"wp-block-column is-layout-flow\">\n<figure class=\"wp-block-audio\"><audio controls src=\"https:\/\/www.monprof.de\/wp-content\/uploads\/2022\/01\/6janvier.mp3\"><\/audio><\/figure>\n\n\n\n<p class=\"has-text-align-center\"><mark style=\"background-color:rgba(0, 0, 0, 0)\" class=\"has-inline-color has-vivid-red-color\">le 6 janvier<\/mark> = <mark style=\"background-color:rgba(0, 0, 0, 0)\" class=\"has-inline-color has-vivid-cyan-blue-color\">der 6. Januar<\/mark><\/p>\n\n\n\n<hr class=\"wp-block-separator has-css-opacity aligncenter\"\/>\n\n\n\n<figure class=\"wp-block-audio\"><audio controls src=\"https:\/\/www.monprof.de\/wp-content\/uploads\/2022\/01\/epiphanie.mp3\"><\/audio><\/figure>\n\n\n\n<p class=\"has-text-align-center\"><mark style=\"background-color:rgba(0, 0, 0, 0)\" class=\"has-inline-color has-vivid-red-color\">l&#8217;\u00c9piphanie<\/mark> = <mark style=\"background-color:rgba(0, 0, 0, 0)\" class=\"has-inline-color has-vivid-cyan-blue-color\">Das Fest der Heiligen Drei K\u00f6nige<\/mark><\/p>\n\n\n\n<hr class=\"wp-block-separator has-css-opacity aligncenter\"\/>\n\n\n\n<figure class=\"wp-block-audio\"><audio controls src=\"https:\/\/www.monprof.de\/wp-content\/uploads\/2022\/01\/beurre.mp3\"><\/audio><\/figure>\n\n\n\n<p class=\"has-text-align-center\"><mark style=\"background-color:rgba(0, 0, 0, 0)\" class=\"has-inline-color has-vivid-red-color\">le beurre<\/mark> = <mark style=\"background-color:rgba(0, 0, 0, 0)\" class=\"has-inline-color has-vivid-cyan-blue-color\">die Butter<\/mark><\/p>\n\n\n\n<hr class=\"wp-block-separator has-css-opacity aligncenter\"\/>\n\n\n\n<figure class=\"wp-block-audio\"><audio controls src=\"https:\/\/www.monprof.de\/wp-content\/uploads\/2022\/01\/roi.mp3\"><\/audio><\/figure>\n\n\n\n<p class=\"has-text-align-center\"><mark style=\"background-color:rgba(0, 0, 0, 0)\" class=\"has-inline-color has-vivid-red-color\">le roi<\/mark> = <mark style=\"background-color:rgba(0, 0, 0, 0)\" class=\"has-inline-color has-vivid-cyan-blue-color\">der K\u00f6nig<\/mark><\/p>\n\n\n\n<hr class=\"wp-block-separator has-css-opacity aligncenter\"\/>\n\n\n\n<figure class=\"wp-block-audio\"><audio controls src=\"https:\/\/www.monprof.de\/wp-content\/uploads\/2022\/01\/feve.mp3\"><\/audio><\/figure>\n\n\n\n<p class=\"has-text-align-center\"><mark style=\"background-color:rgba(0, 0, 0, 0)\" class=\"has-inline-color has-vivid-red-color\">la f\u00e8ve<\/mark> = <mark style=\"background-color:rgba(0, 0, 0, 0)\" class=\"has-inline-color has-vivid-cyan-blue-color\">die Bohne (heute: Porzellanfigur)<\/mark><\/p>\n\n\n\n<hr class=\"wp-block-separator has-css-opacity aligncenter\"\/>\n<\/div>\n\n\n\n<div class=\"wp-block-column is-layout-flow\">\n<figure class=\"wp-block-audio\"><audio controls src=\"https:\/\/www.monprof.de\/wp-content\/uploads\/2022\/01\/galette-des-rois.mp3\"><\/audio><\/figure>\n\n\n\n<p class=\"has-text-align-center\"><mark style=\"background-color:rgba(0, 0, 0, 0)\" class=\"has-inline-color has-vivid-red-color\">la galette des rois<\/mark> = <mark style=\"background-color:rgba(0, 0, 0, 0)\" class=\"has-inline-color has-vivid-cyan-blue-color\">der Drei-K\u00f6nigs-Kuchen<\/mark><\/p>\n\n\n\n<hr class=\"wp-block-separator has-css-opacity aligncenter\"\/>\n\n\n\n<figure class=\"wp-block-audio\"><audio controls src=\"https:\/\/www.monprof.de\/wp-content\/uploads\/2022\/01\/pate-feuilletee.mp3\"><\/audio><\/figure>\n\n\n\n<p class=\"has-text-align-center\"><mark style=\"background-color:rgba(0, 0, 0, 0)\" class=\"has-inline-color has-vivid-red-color\">la p\u00e2te feuillet\u00e9e<\/mark> = <mark style=\"background-color:rgba(0, 0, 0, 0)\" class=\"has-inline-color has-vivid-cyan-blue-color\">der Bl\u00e4tterteig<\/mark><\/p>\n\n\n\n<hr class=\"wp-block-separator has-css-opacity aligncenter\"\/>\n\n\n\n<figure class=\"wp-block-audio\"><audio controls src=\"https:\/\/www.monprof.de\/wp-content\/uploads\/2022\/01\/frangipane.mp3\"><\/audio><\/figure>\n\n\n\n<p class=\"has-text-align-center\"><mark style=\"background-color:rgba(0, 0, 0, 0)\" class=\"has-inline-color has-vivid-red-color\">la frangipane<\/mark> = <mark style=\"background-color:rgba(0, 0, 0, 0)\" class=\"has-inline-color has-vivid-cyan-blue-color\">die Mandelcreme<\/mark><\/p>\n\n\n\n<hr class=\"wp-block-separator has-css-opacity aligncenter\"\/>\n\n\n\n<figure class=\"wp-block-audio\"><audio controls src=\"https:\/\/www.monprof.de\/wp-content\/uploads\/2022\/01\/reine.mp3\"><\/audio><\/figure>\n\n\n\n<p class=\"has-text-align-center\"><mark style=\"background-color:rgba(0, 0, 0, 0)\" class=\"has-inline-color has-vivid-red-color\">la reine<\/mark> = <mark style=\"background-color:rgba(0, 0, 0, 0)\" class=\"has-inline-color has-vivid-cyan-blue-color\">die K\u00f6nigin<\/mark><\/p>\n\n\n\n<hr class=\"wp-block-separator has-css-opacity aligncenter\"\/>\n\n\n\n<figure class=\"wp-block-audio\"><audio controls src=\"https:\/\/www.monprof.de\/wp-content\/uploads\/2022\/01\/couronne.mp3\"><\/audio><\/figure>\n\n\n\n<p class=\"has-text-align-center\"><mark style=\"background-color:rgba(0, 0, 0, 0)\" class=\"has-inline-color has-vivid-red-color\">la couronne<\/mark> = <mark style=\"background-color:rgba(0, 0, 0, 0)\" class=\"has-inline-color has-vivid-cyan-blue-color\">die Krone<\/mark><\/p>\n\n\n\n<hr class=\"wp-block-separator has-css-opacity aligncenter\"\/>\n<\/div>\n<\/div>\n\n\n\n<h2 class=\"wp-block-heading\">Weitere \u00dcbungen von anderen Anbietern findest du hier:<\/h2>\n\n\n\n<p><a rel=\"noreferrer noopener\" href=\"https:\/\/learningapps.org\/index.php?s=galette+des+rois\" target=\"_blank\">https:\/\/learningapps.org\/index.php?s=galette+des+rois<\/a><\/p>\n\n\n\n<p>    <\/p>\n\n\n\n<p>    <\/p>\n","protected":false},"excerpt":{"rendered":"<p>An jedem 6. Januar im Jahr ist es soweit. Bei unseren Nachbarn in Frankreich ist dann n\u00e4mlich der Tag der Heiligen Drei K\u00f6nige. W\u00e4hrend bei uns in Deutschland an diesem Tag die Heiligen K\u00f6nige von T\u00fcr zu T\u00fcr wandern und &hellip; <\/p>\n","protected":false},"author":4,"featured_media":0,"parent":0,"menu_order":0,"comment_status":"closed","ping_status":"closed","template":"","meta":[],"_links":{"self":[{"href":"https:\/\/www.monprof.de\/index.php?rest_route=\/wp\/v2\/pages\/1157"}],"collection":[{"href":"https:\/\/www.monprof.de\/index.php?rest_route=\/wp\/v2\/pages"}],"about":[{"href":"https:\/\/www.monprof.de\/index.php?rest_route=\/wp\/v2\/types\/page"}],"author":[{"embeddable":true,"href":"https:\/\/www.monprof.de\/index.php?rest_route=\/wp\/v2\/users\/4"}],"replies":[{"embeddable":true,"href":"https:\/\/www.monprof.de\/index.php?rest_route=%2Fwp%2Fv2%2Fcomments&post=1157"}],"version-history":[{"count":17,"href":"https:\/\/www.monprof.de\/index.php?rest_route=\/wp\/v2\/pages\/1157\/revisions"}],"predecessor-version":[{"id":1238,"href":"https:\/\/www.monprof.de\/index.php?rest_route=\/wp\/v2\/pages\/1157\/revisions\/1238"}],"wp:attachment":[{"href":"https:\/\/www.monprof.de\/index.php?rest_route=%2Fwp%2Fv2%2Fmedia&parent=1157"}],"curies":[{"name":"wp","href":"https:\/\/api.w.org\/{rel}","templated":true}]}}