{"id":1240,"date":"2024-03-17T14:32:39","date_gmt":"2024-03-17T13:32:39","guid":{"rendered":"https:\/\/www.monprof.de\/?page_id=1240"},"modified":"2024-03-17T14:39:51","modified_gmt":"2024-03-17T13:39:51","slug":"ostern-in-frankreich","status":"publish","type":"page","link":"https:\/\/www.monprof.de\/?page_id=1240","title":{"rendered":"Ostern in Frankreich"},"content":{"rendered":"\n<h2 class=\"wp-block-heading\"><mark style=\"background-color:rgba(0, 0, 0, 0)\" class=\"has-inline-color has-vivid-cyan-blue-color\">P\u00e2ques en France<\/mark><strong><mark style=\"background-color:rgba(0, 0, 0, 0)\" class=\"has-inline-color has-vivid-cyan-blue-color\"><\/mark><\/strong><\/h2>\n\n\n\n<p>Erfahre in diesem Video, wie die Franzosen das Osterfest begehen:<\/p>\n\n\n\n<figure class=\"wp-block-embed is-type-video is-provider-youtube wp-block-embed-youtube wp-embed-aspect-16-9 wp-has-aspect-ratio\"><div class=\"wp-block-embed__wrapper\">\n<iframe loading=\"lazy\" title=\"Oster-Woche-Spezial | Ostern rund um die Welt | Heute in Frankreich\" width=\"832\" height=\"468\" src=\"https:\/\/www.youtube.com\/embed\/6jKpZt8_GTo?feature=oembed\" frameborder=\"0\" allow=\"accelerometer; autoplay; clipboard-write; encrypted-media; gyroscope; picture-in-picture; web-share\" allowfullscreen><\/iframe>\n<\/div><\/figure>\n\n\n\n<hr class=\"wp-block-separator has-alpha-channel-opacity\"\/>\n\n\n\n<p>Und hier ein sch\u00f6nes Lied zu Ostern:<\/p>\n\n\n\n<figure class=\"wp-block-embed is-type-video is-provider-youtube wp-block-embed-youtube wp-embed-aspect-16-9 wp-has-aspect-ratio\"><div class=\"wp-block-embed__wrapper\">\n<iframe loading=\"lazy\" title=\"Les F\u00eates de P\u00e2ques chanson interpr\u00e9t\u00e9e par Paroles de Farfelus (Lyrics Vid\u00e9o)\" width=\"832\" height=\"468\" src=\"https:\/\/www.youtube.com\/embed\/6d5Y2VeuTqE?feature=oembed\" frameborder=\"0\" allow=\"accelerometer; autoplay; clipboard-write; encrypted-media; gyroscope; picture-in-picture; web-share\" allowfullscreen><\/iframe>\n<\/div><figcaption class=\"wp-element-caption\"><mark style=\"background-color:rgba(0, 0, 0, 0)\" class=\"has-inline-color has-cyan-bluish-gray-color\"><strong>Les F\u00eates de P\u00e2ques<\/strong> <em>(Paroles et musique: Laure et Franck DESBRE)<\/em><\/mark><\/figcaption><\/figure>\n\n\n\n<div class=\"wp-block-columns is-layout-flex wp-container-3\">\n<div class=\"wp-block-column is-layout-flow\">\n<p>F<mark style=\"background-color:rgba(0, 0, 0, 0)\" class=\"has-inline-color has-vivid-cyan-blue-color\">ranz\u00f6sischer Liedtext:<\/mark><\/p>\n\n\n\n<p>un, deux, trois, go!<br><br><strong>Refrain<\/strong><br>C\u2019est parti \u00e0 l\u2019attaque,<br>c\u2019est le jour de p\u00e2ques.<br>Tout au fond du jardin,<br>se cache un lapin !<br>Ou un petit poussin,<br>j\u2019en ai plein les mains.<br>Tout en chocolat,<br>j\u2019en ai plein les doigts !<br><br><strong>Couplet 1<\/strong><br>Nous avons trouv\u00e9, nous avons cherch\u00e9.<br>On s\u2019est amus\u00e9, quelle super journ\u00e9e !<br>Pouvoir deviner, pouvoir d\u00e9nicher.<br>Les cloches sont pass\u00e9es, elles nous ont g\u00e2t\u00e9s.<br><br><strong>Refrain<\/strong><br>C\u2019est parti \u00e0 l\u2019attaque,<br>c\u2019est le jour de p\u00e2ques.<br>Tout au fond du jardin,<br>se cache un lapin !<br>Ou un petit poussin,<br>j\u2019en ai plein les mains.<br>Tout en chocolat,<br>j\u2019en ai plein les doigts !<br><br><strong>Couplet 2<\/strong><br>C\u2019est la chasse aux \u0153ufs, on en a plein les yeux.<br>On est tr\u00e8s heureux, et vraiment joyeux !<br>Il faut inviter, il faut s\u2019\u00e9clater.<br>Les cloches sont pass\u00e9es, il faut partager.<br><br><strong>Refrain<\/strong><br>C\u2019est parti \u00e0 l\u2019attaque,<br>c\u2019est le jour de p\u00e2ques.<br>Tout au fond du jardin,<br>se cache un lapin !<br>Ou un petit poussin,<br>j\u2019en ai plein les mains.<br>Tout en chocolat,<br>j\u2019en ai plein les doigts !<\/p>\n<\/div>\n\n\n\n<div class=\"wp-block-column is-layout-flow\">\n<p><mark style=\"background-color:rgba(0, 0, 0, 0)\" class=\"has-inline-color has-luminous-vivid-orange-color\">Deutsche \u00dcbersetzung:<\/mark><\/p>\n\n\n\n<p>Eins, zwei, drei, los!<br><br><strong>Refrain<\/strong><br>Und auf geht&#8217;s zum Angriff,<br>es ist Ostertag.<br>Ganz am Ende vom Garten,<br>da versteckt sich ein Kaninchen !<br>Oder ein kleines K\u00fcken,<br>hab&#8216; alle H\u00e4nde voll zu tun.<br>Alles aus Schokolade,<br>hab&#8216; die H\u00e4nde voll !<br><br><strong>Strophe 1<\/strong><br>Haben was gefunden, haben lang gesucht.<br>Wir hatten viel Spa\u00df, was f\u00fcr ein toller Tag!<br>Ein tolles Ratespiel, vieles aufdecken.<br>Die Glocken haben gel\u00e4utet, haben uns beschenkt.<br><strong><br>Refrain<\/strong><br>Und auf geht&#8217;s zum Angriff,<br>es ist Ostertag.<br>Ganz am Ende vom Garten,<br>da versteckt sich ein Kaninchen !<br>Oder ein kleines K\u00fcken,<br>hab&#8216; alle H\u00e4nde voll zu tun.<br>Alles aus Schokolade,<br>hab&#8216; die H\u00e4nde voll !<br><br><strong>Strophe 2<\/strong><br>Es ist die Eiersuche, die Augen haben viel zu tun.<br>Wir sind sehr gl\u00fccklich, und wirklich froh!<br>Man muss einladen, man muss Spa\u00df haben.<br>Die Glocken haben gel\u00e4utet, wir m\u00fcssen teilen. <br><strong><br>Refrain<\/strong><br>Und auf geht&#8217;s zum Angriff,<br>es ist Ostertag.<br>Ganz am Ende vom Garten,<br>da versteckt sich ein Kaninchen !<br>Oder ein kleines K\u00fcken,<br>hab&#8216; alle H\u00e4nde voll zu tun.<br>Alles aus Schokolade,<br>hab&#8216; die H\u00e4nde voll !<\/p>\n<\/div>\n<\/div>\n\n\n\n<p>MonProf w\u00fcnscht die ein sch\u00f6nes Osterfest&#8230;   <strong><mark style=\"background-color:rgba(0, 0, 0, 0)\" class=\"has-inline-color has-vivid-cyan-blue-color\">Joyeuses P\u00e2ques!<\/mark><\/strong><\/p>\n","protected":false},"excerpt":{"rendered":"<p>P\u00e2ques en France Erfahre in diesem Video, wie die Franzosen das Osterfest begehen: Und hier ein sch\u00f6nes Lied zu Ostern: Franz\u00f6sischer Liedtext: un, deux, trois, go! RefrainC\u2019est parti \u00e0 l\u2019attaque,c\u2019est le jour de p\u00e2ques.Tout au fond du jardin,se cache un &hellip; <\/p>\n","protected":false},"author":4,"featured_media":0,"parent":0,"menu_order":0,"comment_status":"closed","ping_status":"closed","template":"","meta":[],"_links":{"self":[{"href":"https:\/\/www.monprof.de\/index.php?rest_route=\/wp\/v2\/pages\/1240"}],"collection":[{"href":"https:\/\/www.monprof.de\/index.php?rest_route=\/wp\/v2\/pages"}],"about":[{"href":"https:\/\/www.monprof.de\/index.php?rest_route=\/wp\/v2\/types\/page"}],"author":[{"embeddable":true,"href":"https:\/\/www.monprof.de\/index.php?rest_route=\/wp\/v2\/users\/4"}],"replies":[{"embeddable":true,"href":"https:\/\/www.monprof.de\/index.php?rest_route=%2Fwp%2Fv2%2Fcomments&post=1240"}],"version-history":[{"count":4,"href":"https:\/\/www.monprof.de\/index.php?rest_route=\/wp\/v2\/pages\/1240\/revisions"}],"predecessor-version":[{"id":1245,"href":"https:\/\/www.monprof.de\/index.php?rest_route=\/wp\/v2\/pages\/1240\/revisions\/1245"}],"wp:attachment":[{"href":"https:\/\/www.monprof.de\/index.php?rest_route=%2Fwp%2Fv2%2Fmedia&parent=1240"}],"curies":[{"name":"wp","href":"https:\/\/api.w.org\/{rel}","templated":true}]}}