{"id":233,"date":"2020-03-30T19:40:41","date_gmt":"2020-03-30T17:40:41","guid":{"rendered":"http:\/\/monprof.de\/?page_id=233"},"modified":"2025-05-15T18:03:19","modified_gmt":"2025-05-15T16:03:19","slug":"who-is-monprof","status":"publish","type":"page","link":"https:\/\/www.monprof.de\/?page_id=233","title":{"rendered":"Wer ist monProf?"},"content":{"rendered":"\n<div class=\"wp-block-columns is-layout-flex wp-container-3\">\n<div class=\"wp-block-column is-layout-flow\" style=\"flex-basis:33.33%\"><div class=\"wp-block-image\">\n<figure class=\"alignright size-large\"><img decoding=\"async\" loading=\"lazy\" width=\"202\" height=\"202\" src=\"https:\/\/www.monprof.de\/wp-content\/uploads\/2020\/03\/unknown-fuchs.png\" alt=\"\" class=\"wp-image-353\" srcset=\"https:\/\/www.monprof.de\/wp-content\/uploads\/2020\/03\/unknown-fuchs.png 202w, https:\/\/www.monprof.de\/wp-content\/uploads\/2020\/03\/unknown-fuchs-150x150.png 150w, https:\/\/www.monprof.de\/wp-content\/uploads\/2020\/03\/unknown-fuchs-186x185.png 186w, https:\/\/www.monprof.de\/wp-content\/uploads\/2020\/03\/unknown-fuchs-60x60.png 60w\" sizes=\"(max-width: 202px) 100vw, 202px\" \/><\/figure><\/div><\/div>\n\n\n\n<div class=\"wp-block-column is-layout-flow\" style=\"flex-basis:66.66%\">\n<p class=\"has-black-color has-text-color\"> Auf der Website www.monprof.de begleitet dich der schlaue Fuchs durch s\u00e4mtliche Themen, die angeboten werden. <br><br>Unser monProf ist aber kein gew\u00f6hnlicher Fuchs. Er ist schlau, spricht zwei Sprachen und m\u00f6chte euch beim Lernen der franz\u00f6sischen Sprache unterst\u00fctzen.<br>monProf liebt alles, was mit Frankreich zu tun hat. Aus diesem Grund ist er immer in den Farben der Tricolore &#8211; bleu, blanc, rouge &#8211; gekleidet.<br><br>Hast du dich auf unseren Seiten einmal verirrt, hilft dir der Fuchs stets, den Weg zur\u00fcck zur Startseite zu finden.<br><br>Wie alt er ist, k\u00f6nnen wir dir leider nicht so genau sagen. monProf ist so gro\u00df wie ein neunj\u00e4hriges Kind, wei\u00df aber so viel wie ein Erwachsener. An seinem Wissen l\u00e4sst er uns immer teilhaben. Er ist unser Lehrer! Aus diesem Grund nennen wir ihn ganz einfach monProf.<\/p>\n<\/div>\n<\/div>\n\n\n\n<h4 class=\"wp-block-heading has-black-color has-text-color\">Die Seite www.monprof.de<\/h4>\n\n\n\n<p class=\"has-black-color has-text-color\">: : : <em><strong>Die Anf\u00e4nge<\/strong><\/em><br>Die Internetadresse <em>www.monprof.de<\/em> existiert bereits seit Mai 2016. Damals wollte der Gr\u00fcnder dieses Projekts eigentlich einen Ort schaffen, an dem sich die Franz\u00f6sisch-Fachlehrer treffen und untereinander austauschen. Ganz nach dem Motto, das Rad muss nicht neu erfunden werden, sollte hier eine Tauschb\u00f6rse und Materialsammlung f\u00fcr registrierte Benutzer entstehen. Der immense Aufwand der Einrichtung einer solchen Internetseite, vorallem aber die damit verbundenen rechtlichen Voraussetzungen, die sich in der heutigen Zeit schnell \u00e4ndern, sind der Grund, warum das urspr\u00fcngliche Projekt nicht weiter verfolgt wurde.<br><br>: : : <em><strong>2017<\/strong><\/em><br>Ein Vorteil der Internetadresse lag darin, dass man Email-Adressen in der Form <em>&#8212;&#8212;@monprof.de<\/em> einrichten konnte. Somit wurde monprof.de von dem Moment an als Mailserver f\u00fcr schulische Zwecke genutzt. Eine kurze pr\u00e4gnante Email-Adresse und die M\u00f6glichkeit, gro\u00dfe Dateianh\u00e4nge zu versenden, waren weitere Vorteile.<br><br>: : : <em><strong>2020<\/strong><\/em><br>Im Zuge der Corona-Krise im Februar\/M\u00e4rz 2020 wurden in Deutschland nach und nach Schulen und Kitas geschlossen. Die Sch\u00fclerinnen und Sch\u00fcler mussten fortan zu Hause bleiben. Der Unterricht fiel aus. Der Gr\u00fcnder von monprof.de, selbst Lehrer an einer Grundschule im Saarland, sah sich wie viele seiner Kolleginnen und Kollegen der Frage ausgesetzt, wie die Kinder weiterhin lernen sollten, wo sie doch das Schulgeb\u00e4ude nicht mehr betreten durften. Das war die <strong>Neu<\/strong>geburt von monprof.de. Mit Hilfe von learningapps und verblassten HTML-Programmierkenntnissen wurde dann Ende M\u00e4rz 2020 diese Website in nur 3 Tagen aus dem Boden gestampft. Es folgten die ersten \u00dcbungsangebote und die Gliederung nach \u00fcbersichtlichen Kategorien. Mit Blick auf die Zielgruppe des Projekts lag von Beginn an die Bedienerfreundlichkeit im Fokus der Arbeit rund um monprof.de.<\/p>\n\n\n\n<p class=\"has-black-color has-text-color\"><strong><em>: : : 2021<\/em><\/strong><br>In diesem Jahr wurden die Lernangebote st\u00e4rker ausgeweitet. Zum einen wurde der Themenbereich f\u00fcr Grundsch\u00fcler (Basiswissen) vollendet und zum anderen erfolgte die Erweiterung um &#8222;besondere Themen&#8220;. Hierbei handelt es sich um Themen, welche nicht unbedingt Teil eines Lehrplans sind oder aufgrund besonderer Anl\u00e4sse erstellt wurden. Im Rahmen der besonderen Themen wurde sodann LEO vorgestellt &#8211; ein online-W\u00f6rterbuch mit Community-Funktion &#8211; und in die Seite eingebunden.<\/p>\n\n\n\n<p class=\"has-black-color has-text-color\"><strong><em>: : : 2022<\/em><\/strong><br>Der n\u00e4chste Schritt war bereits lange offensichtlich: Auch die Franz\u00f6sisch sprechenden Besucher von monprof.de sollten in den Genuss der digitalen Lernangebote kommen, sodass die komplette Seite und ein gro\u00dfer Teil der \u00dcbungen in die franz\u00f6sische Sprache \u00fcbersetzt wurden. Diese Seite erreicht man direkt \u00fcber  <em><strong><s>www.daz-digital.de<\/s><\/strong><\/em> .<\/p>\n\n\n\n<p class=\"has-black-color has-text-color\"><strong><em>: : : 2025<\/em><\/strong><br>Die Angebote von daz-digital.de wurden kaum genutzt. Weiterhin kam es durch eine St\u00f6rung zum Verlust der Seitenansicht. Wir standen vor der Wahl, alles nochmal aufzubauen oder aber die Domain zu l\u00f6schen. Aus Kostengr\u00fcnden haben wir uns f\u00fcr Letzteres entschieden. Die \u00dcbungen kann man jedoch nach wie vor bei learningapps finden.<br><br><strong><em>: : : Was die Zukunft bringt<\/em><\/strong><br>Leider sind wir nicht in der Lage, in die Zukunft zu sehen. Wir planen jedoch, das Angebot dieser Webseite zusammen mit monProf, unserem treuen Lehrer, weiterhin auszubauen. <em><strong>Lassen wir uns also \u00fcberraschen, wohin uns die Reise f\u00fchrt&#8230;<\/strong><\/em><\/p>\n","protected":false},"excerpt":{"rendered":"<p>Auf der Website www.monprof.de begleitet dich der schlaue Fuchs durch s\u00e4mtliche Themen, die angeboten werden. Unser monProf ist aber kein gew\u00f6hnlicher Fuchs. Er ist schlau, spricht zwei Sprachen und m\u00f6chte euch beim Lernen der franz\u00f6sischen Sprache unterst\u00fctzen.monProf liebt alles, was &hellip; <\/p>\n","protected":false},"author":4,"featured_media":0,"parent":0,"menu_order":0,"comment_status":"closed","ping_status":"closed","template":"","meta":[],"_links":{"self":[{"href":"https:\/\/www.monprof.de\/index.php?rest_route=\/wp\/v2\/pages\/233"}],"collection":[{"href":"https:\/\/www.monprof.de\/index.php?rest_route=\/wp\/v2\/pages"}],"about":[{"href":"https:\/\/www.monprof.de\/index.php?rest_route=\/wp\/v2\/types\/page"}],"author":[{"embeddable":true,"href":"https:\/\/www.monprof.de\/index.php?rest_route=\/wp\/v2\/users\/4"}],"replies":[{"embeddable":true,"href":"https:\/\/www.monprof.de\/index.php?rest_route=%2Fwp%2Fv2%2Fcomments&post=233"}],"version-history":[{"count":19,"href":"https:\/\/www.monprof.de\/index.php?rest_route=\/wp\/v2\/pages\/233\/revisions"}],"predecessor-version":[{"id":1272,"href":"https:\/\/www.monprof.de\/index.php?rest_route=\/wp\/v2\/pages\/233\/revisions\/1272"}],"wp:attachment":[{"href":"https:\/\/www.monprof.de\/index.php?rest_route=%2Fwp%2Fv2%2Fmedia&parent=233"}],"curies":[{"name":"wp","href":"https:\/\/api.w.org\/{rel}","templated":true}]}}