{"id":291,"date":"2020-03-30T19:49:47","date_gmt":"2020-03-30T17:49:47","guid":{"rendered":"http:\/\/monprof.de\/?page_id=291"},"modified":"2021-08-19T10:51:18","modified_gmt":"2021-08-19T08:51:18","slug":"why-french","status":"publish","type":"page","link":"https:\/\/www.monprof.de\/?page_id=291","title":{"rendered":"Warum Franz\u00f6sisch?"},"content":{"rendered":"\n<div class=\"wp-block-image\"><figure class=\"aligncenter size-large\"><img decoding=\"async\" loading=\"lazy\" width=\"500\" height=\"248\" src=\"https:\/\/www.monprof.de\/wp-content\/uploads\/2021\/08\/weltkarte-franzoesisch.png\" alt=\"\" class=\"wp-image-1121\" srcset=\"https:\/\/www.monprof.de\/wp-content\/uploads\/2021\/08\/weltkarte-franzoesisch.png 500w, https:\/\/www.monprof.de\/wp-content\/uploads\/2021\/08\/weltkarte-franzoesisch-300x149.png 300w\" sizes=\"(max-width: 500px) 100vw, 500px\" \/><figcaption>Bildquelle: fremdsprachen-lernen.net, Zugriff: 01.04.2020<\/figcaption><\/figure><\/div>\n\n\n\n<p>Wie auf der Karte zu sehen, wird die franz\u00f6sische Sprache in einem beachtlichen Teil der Welt gesprochen. Im Vergleich hierzu deckt die deutsche Sprache viel weniger Fl\u00e4chen und L\u00e4nder ab, begrenzt sich sogar fast ausschlie\u00dflich auf Mitteleuropa:<\/p>\n\n\n\n<div class=\"wp-block-image\"><figure class=\"aligncenter size-large is-resized\"><img decoding=\"async\" loading=\"lazy\" src=\"https:\/\/upload.wikimedia.org\/wikipedia\/commons\/thumb\/0\/03\/Legal_statuses_of_German_in_Europe.svg\/1280px-Legal_statuses_of_German_in_Europe.svg.png\" alt=\"\" width=\"583\" height=\"419\"\/><figcaption>Quelle:  &#8222;Legal statuses of German in Europe.svg&#8220; &#8211; journals.openedition.org, Zugriff: 01.04.2020<\/figcaption><\/figure><\/div>\n\n\n\n<p> Franz\u00f6sisch ist die Sprache unserer westlichen Nachbarn. Hierzu z\u00e4hlen  Belgien, Luxembourg, die Schweiz und nat\u00fcrlich Frankreich. Aus diesem  Grund wird in den angrenzenden Bundesl\u00e4ndern (Baden-W\u00fcrttemberg,  Rheinland-Pfalz, Saarland, Nordrhein-Westfalen) Franz\u00f6sisch in den  Schulen unterrichtet. Mit seiner Frankreich-Strategie verfolgt das  Saarland noch intensivere Pl\u00e4ne, wonach es bis zum Jahr 2043  zweisprachig werden m\u00f6chte. Franz\u00f6sisch soll, nach dem Vorbild des  Nachbarn Luxembourg, eine Art zweite Amtssprache werden. Zuk\u00fcnftige  Generationen sollen hierdurch mehr Chancen auf dem internationalen  Arbeitsmarkt erhalten. Weiterhin st\u00e4rkt die Frankreich-Strategie die  deutsch-franz\u00f6sischen Beziehungen.<\/p>\n\n\n\n<h3 class=\"wp-block-heading\">Der Fremdsprachenerwerb<\/h3>\n\n\n\n<h4 class=\"wp-block-heading\">oder: Warum es ohne den Unterricht nicht geht.<\/h4>\n\n\n\n<p>Der Betreiber dieser Webseite ist selbst zweisprachig aufgewachsen und als Franz\u00f6sischlehrer im Primarbereich (Grundschule) t\u00e4tig. Den Anfang machen jedoch viele Kinderg\u00e4rten, die mit eigenem qualifizierten Personal oder aber mit Muttersprachlern aus der Nachbarregion die Kinder fr\u00fchzeitig und spielerisch an die Sprache heranf\u00fchren. Hierauf bauen die Grundschulen im Saarland sp\u00e4testens ab Klasse 3 (in manchen F\u00e4llen auch schon ab Klasse 1) in Form von Fremdsprachenunterricht mit 2 Schulstunden pro Woche auf. Auch hier werden auf spielerische Art Themen, wie sie auch auf dieser Webseite vorzufinden sind, mit den Kindern aufgearbeitet. Im Vordergrund steht der Spa\u00df an dem- und die Motivation f\u00fcr das Fremdsprachenlernen. Hier m\u00f6chte monprof.de mit seinem Angebot an Lern\u00fcbungen ankn\u00fcpfen. Bereits eingef\u00fchrte Themen mt dem dazugeh\u00f6rigen Wortschatz k\u00f6nnen auf unserer Seite wiederholt, vertieft und regelm\u00e4\u00dfig ge\u00fcbt werden. Die Wiederholung von neuem Wortschatz in verschiedenen \u00dcbungen und auf verschiedenen Anwendungsebenen bieten eine gute Grundlage f\u00fcr den Fremdsprachenerwerb an den weiterf\u00fchrenden Schulen. Weiterhin gibt es im Saarland auch bilinguale Schulen, an denen die Sch\u00fclerinnen und Sch\u00fcler bereits ab Klasse 1 zweisprachig unterrichtet werden. Der Unterschied zu anderen Grundschulen liegt vor allem im intensiveren Sprachgebrauch.<br><br>monprof.de m\u00f6chte seinen jungen Besuchern die M\u00f6glichkeit bieten, am Ball zu bleiben. Wiederholungen sind wichtig, um den Wortschatz nicht zu vergessen. monprof.de ersetzt jedoch keinen Unterricht. F\u00fcr alle Lernenden ist immer noch der direkte Austausch mit m\u00f6glichst native speakern, also Muttersprachlern, der beste Weg, eine Sprache schnell und vor allem auch richtig zu erlernen, denn hierzu z\u00e4hlt nicht nur der Wortschatz. Auch die richtige Aussprache (insbesondere der Nasallaute) inklusive der richtigen Intonantion, das H\u00f6r- wie auch Leseverstehen und die K\u00f6rperhaltung (einschlie\u00dflich Mimik) sind Bestandteile des Sprachenlernens.<\/p>\n","protected":false},"excerpt":{"rendered":"<p>Wie auf der Karte zu sehen, wird die franz\u00f6sische Sprache in einem beachtlichen Teil der Welt gesprochen. Im Vergleich hierzu deckt die deutsche Sprache viel weniger Fl\u00e4chen und L\u00e4nder ab, begrenzt sich sogar fast ausschlie\u00dflich auf Mitteleuropa: Franz\u00f6sisch ist die &hellip; <\/p>\n","protected":false},"author":4,"featured_media":0,"parent":0,"menu_order":0,"comment_status":"closed","ping_status":"closed","template":"","meta":[],"_links":{"self":[{"href":"https:\/\/www.monprof.de\/index.php?rest_route=\/wp\/v2\/pages\/291"}],"collection":[{"href":"https:\/\/www.monprof.de\/index.php?rest_route=\/wp\/v2\/pages"}],"about":[{"href":"https:\/\/www.monprof.de\/index.php?rest_route=\/wp\/v2\/types\/page"}],"author":[{"embeddable":true,"href":"https:\/\/www.monprof.de\/index.php?rest_route=\/wp\/v2\/users\/4"}],"replies":[{"embeddable":true,"href":"https:\/\/www.monprof.de\/index.php?rest_route=%2Fwp%2Fv2%2Fcomments&post=291"}],"version-history":[{"count":15,"href":"https:\/\/www.monprof.de\/index.php?rest_route=\/wp\/v2\/pages\/291\/revisions"}],"predecessor-version":[{"id":1122,"href":"https:\/\/www.monprof.de\/index.php?rest_route=\/wp\/v2\/pages\/291\/revisions\/1122"}],"wp:attachment":[{"href":"https:\/\/www.monprof.de\/index.php?rest_route=%2Fwp%2Fv2%2Fmedia&parent=291"}],"curies":[{"name":"wp","href":"https:\/\/api.w.org\/{rel}","templated":true}]}}