{"id":3,"date":"2020-03-29T15:15:33","date_gmt":"2020-03-29T15:15:33","guid":{"rendered":"http:\/\/monprof.de?page_id=3"},"modified":"2020-04-04T10:37:57","modified_gmt":"2020-04-04T08:37:57","slug":"datenschutzerklaerung","status":"publish","type":"page","link":"https:\/\/www.monprof.de\/?page_id=3","title":{"rendered":"Datenschutzerkl\u00e4rung"},"content":{"rendered":"\n<h2 class=\"wp-block-heading\">Wer wir sind<\/h2>\n\n\n\n<p>Die Adresse unserer Website ist: www.monprof.de.<\/p>\n\n\n\n<p>Betreiber dieser Website ist Andreas Hinze<br>Telefon:  +49 (0) 681 76 17 95 20<br>Email:  webmaster(at)monprof.de<\/p>\n\n\n\n<hr class=\"wp-block-separator\"\/>\n\n\n\n<h2 class=\"wp-block-heading\">Welchen Zweck wir verfolgen<\/h2>\n\n\n\n<p>Das Angebot dieser Website richtet sich vorrangig an Grundschulkinder. Wir stellen diverse kostenlose \u00dcbungsformate f\u00fcr den Fremdsprachenerwerb in Franz\u00f6sisch zur Verf\u00fcgung. Mit unserem Internetangebot verfolgen wir keine kommerziellen Zwecke. <\/p>\n\n\n\n<hr class=\"wp-block-separator\"\/>\n\n\n\n<h3 class=\"wp-block-heading\">Welche personenbezogenen Daten wir sammeln und warum wir sie sammeln<\/h3>\n\n\n\n<p>Auf unserer Website werden keine personenbezogene Daten gesammelt.<\/p>\n\n\n\n<h4 class=\"wp-block-heading\">Kommentare<\/h4>\n\n\n\n<p>Die Kommentar-Funktion auf dieser Website ist deaktiviert.<\/p>\n\n\n\n<h4 class=\"wp-block-heading\">Cookies<\/h4>\n\n\n\n<p>Cookies werden im \u00f6ffentlichen Bereich unserer Website nicht verwendet. Der nicht-\u00f6ffentliche Bereich ist nur den Betreibern dieser Website vorbehalten.<\/p>\n\n\n\n<h4 class=\"wp-block-heading\">Eingebettete Inhalte von anderen Websites<\/h4>\n\n\n\n<p>Beitr\u00e4ge auf dieser Website k\u00f6nnen eingebettete Inhalte beinhalten <em>(z.&nbsp;B. Videos, Bilder, Tonsequenzen, Beitr\u00e4ge, Apps etc.)<\/em>. Eingebettete Inhalte von anderen Websites verhalten sich exakt so, als ob der Besucher die andere Website besucht h\u00e4tte.<\/p>\n\n\n\n<p>Diese Websites k\u00f6nnen Daten \u00fcber dich sammeln, Cookies benutzen, zus\u00e4tzliche Tracking-Dienste von Dritten einbetten und deine Interaktion mit diesem eingebetteten Inhalt aufzeichnen, inklusive deiner Interaktion mit dem eingebetteten Inhalt, falls du ein Konto hast und auf dieser Website angemeldet bist.<\/p>\n\n\n\n<h4 class=\"wp-block-heading\">LearningApps.org<\/h4>\n\n\n\n<p>Zur Darstellung von Lernspielen setzen wir auf unserer Internetseite \u201aApps\u2018\nein. Hierbei handelt es sich um einen Dienst des Verein LearningApps\n\u2013 interaktive Bausteine, Wolfackerstrasse 33, CH-4658\nD\u00e4niken, nachfolgend nur \u201elearningapps\u201c genannt.<\/p>\n\n\n\n<p>Teilweise erfolgt die Verarbeitung der Nutzerdaten auf Servern von learningapps in Deutschland. Zugriffsdaten <em>(wie z.B. IP-Adresse, Datum und Uhrzeit des Zugriffes, Name der aufgerufenen Datei)<\/em> werden von learningapps nur f\u00fcr das Erstellen von anonymisierten Nutzungsstatistiken durch Google Analytics als Dienstleister erfasst. <\/p>\n\n\n\n<p>Weitergehende Informationen \u00fcber die Erhebung und Nutzung von Daten sowie Ihre diesbez\u00fcglichen Rechte und Schutzm\u00f6glichkeiten h\u00e4lt learningapps in den unter  <a href=\"https:\/\/learningapps.org\/rechtliches.php\">https:\/\/learningapps.org\/rechtliches.php<\/a>  abrufbaren Datenschutzhinweisen bereit.<\/p>\n\n\n\n<h4 class=\"wp-block-heading\">Youtube<\/h4>\n\n\n\n<p>Auf dieser Webseite sind Videos von Youtube eingebettet.<br>Die Datenschutzrichtlinien von Youtube k\u00f6nnen unter <a href=\"https:\/\/policies.google.com\/privacy?hl=de&amp;gl=de\">https:\/\/policies.google.com\/privacy?hl=de&amp;gl=de<\/a> nachgelesen werden.<\/p>\n\n\n\n<hr class=\"wp-block-separator\"\/>\n\n\n\n<h3 class=\"wp-block-heading\">Statistiken<\/h3>\n\n\n\n<p>Bei Ihrem Besuch auf unserer Website werden zur Analyse des Benutzerverhaltens statistische Daten (wie IP-Adresse, Browser-ID, Seitenaufrufe, Besucherzzahlen) ermittelt. Die IP-Adresse wird anonymisiert dargestellt. Die gesammelten Daten werden nach sp\u00e4testens 365 Tagen gel\u00f6scht.<\/p>\n\n\n\n<hr class=\"wp-block-separator\"\/>\n\n\n\n<h3 class=\"wp-block-heading\">Mit wem wir deine Daten teilen<\/h3>\n\n\n\n<p>Die Funktion der Benutzerverwaltung ist f\u00fcr die Besucher unserer Website nicht freigeschaltet. Benutzerdaten werden somit nicht gesammelt und unsererseits auch nicht mit Dritten geteilt.<\/p>\n\n\n\n<p>Solltest du weitere Fragen zu datenschutzrechtlichen Angelegenheiten haben, die mit unserer Website in Verbindung stehen, so wende dich an den Betreiber dieser Website.<\/p>\n","protected":false},"excerpt":{"rendered":"<p>Wer wir sind Die Adresse unserer Website ist: www.monprof.de. Betreiber dieser Website ist Andreas HinzeTelefon: +49 (0) 681 76 17 95 20Email: webmaster(at)monprof.de Welchen Zweck wir verfolgen Das Angebot dieser Website richtet sich vorrangig an Grundschulkinder. Wir stellen diverse kostenlose &hellip; <\/p>\n","protected":false},"author":4,"featured_media":0,"parent":0,"menu_order":0,"comment_status":"closed","ping_status":"open","template":"","meta":[],"_links":{"self":[{"href":"https:\/\/www.monprof.de\/index.php?rest_route=\/wp\/v2\/pages\/3"}],"collection":[{"href":"https:\/\/www.monprof.de\/index.php?rest_route=\/wp\/v2\/pages"}],"about":[{"href":"https:\/\/www.monprof.de\/index.php?rest_route=\/wp\/v2\/types\/page"}],"author":[{"embeddable":true,"href":"https:\/\/www.monprof.de\/index.php?rest_route=\/wp\/v2\/users\/4"}],"replies":[{"embeddable":true,"href":"https:\/\/www.monprof.de\/index.php?rest_route=%2Fwp%2Fv2%2Fcomments&post=3"}],"version-history":[{"count":6,"href":"https:\/\/www.monprof.de\/index.php?rest_route=\/wp\/v2\/pages\/3\/revisions"}],"predecessor-version":[{"id":637,"href":"https:\/\/www.monprof.de\/index.php?rest_route=\/wp\/v2\/pages\/3\/revisions\/637"}],"wp:attachment":[{"href":"https:\/\/www.monprof.de\/index.php?rest_route=%2Fwp%2Fv2%2Fmedia&parent=3"}],"curies":[{"name":"wp","href":"https:\/\/api.w.org\/{rel}","templated":true}]}}