{"id":47,"date":"2020-03-29T18:12:05","date_gmt":"2020-03-29T16:12:05","guid":{"rendered":"http:\/\/monprof.de\/?page_id=47"},"modified":"2020-08-05T22:57:19","modified_gmt":"2020-08-05T20:57:19","slug":"impressum","status":"publish","type":"page","link":"https:\/\/www.monprof.de\/?page_id=47","title":{"rendered":"Impressum"},"content":{"rendered":"\n<div class=\"impressum__imprint-container\"><dl><dt>Name<\/dt><dd>Andreas Hinze<\/dd><dt>Adresse<\/dt><dd>D-66119 Saarbr\u00fccken<\/dd><dt>E-Mail-Adresse<\/dt><dd><a href=\"mailto:mail@monprof.de\">mail@monprof.de<\/a><\/dd><dt>Telefon<\/dt><dd>+49 (0) 681 76 17 95 20<\/dd><\/dl><\/div>\n\n\n\n<figure class=\"wp-block-image size-large is-resized\"><img decoding=\"async\" loading=\"lazy\" src=\"https:\/\/www.monprof.de\/wp-content\/uploads\/2020\/03\/Transparent.png\" alt=\"\" class=\"wp-image-312\" width=\"75\" height=\"75\"\/><\/figure>\n\n\n\n<p>Da ich im Schuldienst t\u00e4tig bin, sind hier weder meine private (Email-) Adresse, noch sonstige &#8218;<em>direkten<\/em>&#8218; Kontaktdaten ver\u00f6ffentlicht. Das Telefon ist mit einer Voice-Mailbox ausgestattet. Sowohl Nachrichten als auch Anrufe werden nicht unmittelbar beantwortet. Nutzen Sie f\u00fcr schulische Belange die Kontaktm\u00f6glichkeiten der Schule.<br><br><br>Beh\u00f6rden steht die Whois-Ermittlung zur Verf\u00fcgung. <\/p>\n\n\n\n<hr class=\"wp-block-separator\"\/>\n\n\n\n<h2 class=\"wp-block-heading\">Bildrechte<\/h2>\n\n\n\n<p>Die auf dieser Seite verwendeten Abbildungen (Fotos, Cliparts) stammen von den kostenlosen Bildquellen <em>Pexels.com<\/em> und <em>Cleanpng.com<\/em> . Sonstige Quellen sind einzeln aufgef\u00fchrt. Bei den Vorschau-Bildern zu den \u00dcbungen handelt es sich um bearbeitete Screenshots der \u00dcbungen.<\/p>\n","protected":false},"excerpt":{"rendered":"<p>Da ich im Schuldienst t\u00e4tig bin, sind hier weder meine private (Email-) Adresse, noch sonstige &#8218;direkten&#8218; Kontaktdaten ver\u00f6ffentlicht. Das Telefon ist mit einer Voice-Mailbox ausgestattet. Sowohl Nachrichten als auch Anrufe werden nicht unmittelbar beantwortet. Nutzen Sie f\u00fcr schulische Belange die &hellip; <\/p>\n","protected":false},"author":4,"featured_media":0,"parent":0,"menu_order":0,"comment_status":"closed","ping_status":"closed","template":"","meta":[],"_links":{"self":[{"href":"https:\/\/www.monprof.de\/index.php?rest_route=\/wp\/v2\/pages\/47"}],"collection":[{"href":"https:\/\/www.monprof.de\/index.php?rest_route=\/wp\/v2\/pages"}],"about":[{"href":"https:\/\/www.monprof.de\/index.php?rest_route=\/wp\/v2\/types\/page"}],"author":[{"embeddable":true,"href":"https:\/\/www.monprof.de\/index.php?rest_route=\/wp\/v2\/users\/4"}],"replies":[{"embeddable":true,"href":"https:\/\/www.monprof.de\/index.php?rest_route=%2Fwp%2Fv2%2Fcomments&post=47"}],"version-history":[{"count":8,"href":"https:\/\/www.monprof.de\/index.php?rest_route=\/wp\/v2\/pages\/47\/revisions"}],"predecessor-version":[{"id":839,"href":"https:\/\/www.monprof.de\/index.php?rest_route=\/wp\/v2\/pages\/47\/revisions\/839"}],"wp:attachment":[{"href":"https:\/\/www.monprof.de\/index.php?rest_route=%2Fwp%2Fv2%2Fmedia&parent=47"}],"curies":[{"name":"wp","href":"https:\/\/api.w.org\/{rel}","templated":true}]}}