{"id":526,"date":"2020-04-02T20:54:16","date_gmt":"2020-04-02T18:54:16","guid":{"rendered":"http:\/\/www.monprof.de\/?page_id=526"},"modified":"2020-04-02T21:13:20","modified_gmt":"2020-04-02T19:13:20","slug":"kurze-einfuehrung","status":"publish","type":"page","link":"https:\/\/www.monprof.de\/?page_id=526","title":{"rendered":"Kurze Einf\u00fchrung"},"content":{"rendered":"\n<p>In den meisten \u00dcbungen werden dir folgende Symbole angezeigt, die du kennen solltest, bevor du eine der \u00dcbungen beginnst:<\/p>\n\n\n\n<div class=\"wp-block-columns is-layout-flex wp-container-3\">\n<div class=\"wp-block-column is-layout-flow\" style=\"flex-basis:33.33%\">\n<div class=\"wp-block-image\"><figure class=\"alignright size-large is-resized\"><img decoding=\"async\" loading=\"lazy\" src=\"https:\/\/www.monprof.de\/wp-content\/uploads\/2020\/04\/learningapps-icon4.png\" alt=\"\" class=\"wp-image-516\" width=\"24\" height=\"23\"\/><\/figure><\/div>\n<\/div>\n\n\n\n<div class=\"wp-block-column is-layout-flow\" style=\"flex-basis:66.66%\">\n<p><em>Aufgabe nochmal anzeigen lassen.<\/em><\/p>\n<\/div>\n<\/div>\n\n\n\n<hr class=\"wp-block-separator\"\/>\n\n\n\n<div class=\"wp-block-columns is-layout-flex wp-container-6\">\n<div class=\"wp-block-column is-layout-flow\" style=\"flex-basis:33.33%\">\n<div class=\"wp-block-image\"><figure class=\"alignright size-large is-resized\"><img decoding=\"async\" loading=\"lazy\" src=\"https:\/\/www.monprof.de\/wp-content\/uploads\/2020\/04\/learningapps-icon3.png\" alt=\"\" class=\"wp-image-517\" width=\"17\" height=\"21\"\/><\/figure><\/div>\n<\/div>\n\n\n\n<div class=\"wp-block-column is-layout-flow\" style=\"flex-basis:66.66%\">\n<p>Hilfe anzeigen.<\/p>\n<\/div>\n<\/div>\n\n\n\n<hr class=\"wp-block-separator\"\/>\n\n\n\n<div class=\"wp-block-columns is-layout-flex wp-container-9\">\n<div class=\"wp-block-column is-layout-flow\" style=\"flex-basis:33.33%\">\n<div class=\"wp-block-image\"><figure class=\"alignright size-large is-resized\"><img decoding=\"async\" loading=\"lazy\" src=\"https:\/\/www.monprof.de\/wp-content\/uploads\/2020\/04\/learningapps-icon1.png\" alt=\"\" class=\"wp-image-518\" width=\"42\" height=\"42\"\/><\/figure><\/div>\n<\/div>\n\n\n\n<div class=\"wp-block-column is-layout-flow\" style=\"flex-basis:66.66%\">\n<p>Eingabe best\u00e4tigen.<\/p>\n<\/div>\n<\/div>\n\n\n\n<hr class=\"wp-block-separator\"\/>\n\n\n\n<div class=\"wp-block-columns is-layout-flex wp-container-12\">\n<div class=\"wp-block-column is-layout-flow\" style=\"flex-basis:33.33%\">\n<div class=\"wp-block-image\"><figure class=\"alignright size-large is-resized\"><img decoding=\"async\" loading=\"lazy\" src=\"https:\/\/www.monprof.de\/wp-content\/uploads\/2020\/04\/learningapps-icon2.png\" alt=\"\" class=\"wp-image-519\" width=\"38\" height=\"38\"\/><\/figure><\/div>\n<\/div>\n\n\n\n<div class=\"wp-block-column is-layout-flow\" style=\"flex-basis:66.66%\">\n<p>Zur n\u00e4chsten Aufgabe \/ Frage.<\/p>\n<\/div>\n<\/div>\n\n\n\n<hr class=\"wp-block-separator\"\/>\n\n\n\n<div class=\"wp-block-columns is-layout-flex wp-container-15\">\n<div class=\"wp-block-column is-layout-flow\" style=\"flex-basis:33.33%\">\n<div class=\"wp-block-image\"><figure class=\"alignright size-large is-resized\"><img decoding=\"async\" loading=\"lazy\" src=\"https:\/\/www.monprof.de\/wp-content\/uploads\/2020\/04\/zur\u00fcck-erlauterung.png\" alt=\"\" class=\"wp-image-538\" width=\"30\" height=\"30\"\/><\/figure><\/div>\n<\/div>\n\n\n\n<div class=\"wp-block-column is-layout-flow\" style=\"flex-basis:66.66%\">\n<p>Die \u00dcbungen \u00f6ffnen sich im Vollbildmodus. Um zur\u00fcck zur \u00dcbersicht zu gelangen, dr\u00fccke einfach die Zur\u00fcck-Taste deines Smartphones, Tablets oder im Internetbrowser deines Computers.<\/p>\n<\/div>\n<\/div>\n\n\n\n<hr class=\"wp-block-separator\"\/>\n\n\n\n<p><strong>Du hast noch eine Frage?<\/strong> <em><a href=\"https:\/\/www.monprof.de\/?page_id=170\">Schau doch mal in den FAQ.<\/a><\/em><\/p>\n\n\n\n<p><strong>Du m\u00f6chtest endlich starten?<\/strong> <a href=\"https:\/\/www.monprof.de\/?page_id=300\"><em>&#8211;> Auf geht es!<\/em><\/a><\/p>\n\n\n\n<p><\/p>\n","protected":false},"excerpt":{"rendered":"<p>In den meisten \u00dcbungen werden dir folgende Symbole angezeigt, die du kennen solltest, bevor du eine der \u00dcbungen beginnst: Aufgabe nochmal anzeigen lassen. Hilfe anzeigen. Eingabe best\u00e4tigen. Zur n\u00e4chsten Aufgabe \/ Frage. Die \u00dcbungen \u00f6ffnen sich im Vollbildmodus. Um zur\u00fcck &hellip; <\/p>\n","protected":false},"author":4,"featured_media":0,"parent":0,"menu_order":0,"comment_status":"closed","ping_status":"closed","template":"","meta":[],"_links":{"self":[{"href":"https:\/\/www.monprof.de\/index.php?rest_route=\/wp\/v2\/pages\/526"}],"collection":[{"href":"https:\/\/www.monprof.de\/index.php?rest_route=\/wp\/v2\/pages"}],"about":[{"href":"https:\/\/www.monprof.de\/index.php?rest_route=\/wp\/v2\/types\/page"}],"author":[{"embeddable":true,"href":"https:\/\/www.monprof.de\/index.php?rest_route=\/wp\/v2\/users\/4"}],"replies":[{"embeddable":true,"href":"https:\/\/www.monprof.de\/index.php?rest_route=%2Fwp%2Fv2%2Fcomments&post=526"}],"version-history":[{"count":8,"href":"https:\/\/www.monprof.de\/index.php?rest_route=\/wp\/v2\/pages\/526\/revisions"}],"predecessor-version":[{"id":539,"href":"https:\/\/www.monprof.de\/index.php?rest_route=\/wp\/v2\/pages\/526\/revisions\/539"}],"wp:attachment":[{"href":"https:\/\/www.monprof.de\/index.php?rest_route=%2Fwp%2Fv2%2Fmedia&parent=526"}],"curies":[{"name":"wp","href":"https:\/\/api.w.org\/{rel}","templated":true}]}}