{"id":649,"date":"2020-04-04T11:19:16","date_gmt":"2020-04-04T09:19:16","guid":{"rendered":"http:\/\/www.monprof.de\/?page_id=649"},"modified":"2020-04-04T11:30:08","modified_gmt":"2020-04-04T09:30:08","slug":"la-marseillaise","status":"publish","type":"page","link":"https:\/\/www.monprof.de\/?page_id=649","title":{"rendered":"La marseillaise"},"content":{"rendered":"\n<h2 class=\"wp-block-heading\"><em>Die franz\u00f6sische Nationalhymne<\/em><\/h2>\n\n\n\n<p style=\"font-size:-1px\" class=\"has-text-align-center\"><em>Kurze Version<\/em><\/p>\n\n\n\n<figure class=\"wp-block-embed-youtube aligncenter wp-block-embed is-type-video is-provider-youtube wp-embed-aspect-4-3 wp-has-aspect-ratio\"><div class=\"wp-block-embed__wrapper\">\n<iframe loading=\"lazy\" title=\"Franz\u00f6sische Nationalhymne (text) - La Marseillaise\" width=\"832\" height=\"624\" src=\"https:\/\/www.youtube.com\/embed\/qaG35Xzr1Gw?feature=oembed\" frameborder=\"0\" allow=\"accelerometer; autoplay; encrypted-media; gyroscope; picture-in-picture\" allowfullscreen><\/iframe>\n<\/div><\/figure>\n\n\n\n<figure class=\"wp-block-table\"><table class=\"has-subtle-pale-blue-background-color has-background\"><tbody><tr><td>Allons enfants de la Patrie<br>Le jour de gloire est arriv\u00e9<br>Contre nous de la tyrannie<br>L&#8217;\u00e9tendard sanglant est lev\u00e9<br>L&#8217;\u00e9tendard sanglant est lev\u00e9<br>Entendez vous dans les campagnes<br>Mugir ces f\u00e9roces soldats<br>Ils viennent jusque dans vos bras,<br>Egorger vos fils, vos compagnes<br><br><em><strong>REFRAIN<\/strong><\/em><br>Aux armes citoyens Formez vos bataillons<br>Marchons, marchons<br>Qu&#8217;un sang impur<br>abreuve nos sillons<br><br>Aux armes citoyens<br>Formez vos bataillons<br>Marchons, marchons<br>Qu&#8217;un sang impur<br>abreuve nos sillons<\/td><td>Auf, Kinder des Vaterlandes<br>Der Tag des Ruhmes ist gekommen<br>Gegen uns ist der Tyrannei<br>Blutiges Banner erhoben<br>Blutiges Banner erhoben<br>H\u00f6rt ihr auf den Feldern<br>Diese wilden Soldaten br\u00fcllen<br>Sie kommen bis in eure Arme<br>Um euren S\u00f6hnen, euren Gef\u00e4hrtinnen die Kehlen durchzuschneiden<br><br><strong><em>REFRAIN<\/em><\/strong><br>Zu den Waffen, B\u00fcrger<br>Formiert eure Truppen<br>Marschieren wir, marschieren wir<br>Unreines Blut<br>Tr\u00e4nke unsere Furchen<br><br>Zu den Waffen, B\u00fcrger<br>Formiert eure Truppen<br>Marschieren wir, marschieren wir<br>Unreines Blut<br>Tr\u00e4nke unsere Furchen<\/td><\/tr><\/tbody><\/table><\/figure>\n","protected":false},"excerpt":{"rendered":"<p>Die franz\u00f6sische Nationalhymne Kurze Version Allons enfants de la PatrieLe jour de gloire est arriv\u00e9Contre nous de la tyrannieL&#8217;\u00e9tendard sanglant est lev\u00e9L&#8217;\u00e9tendard sanglant est lev\u00e9Entendez vous dans les campagnesMugir ces f\u00e9roces soldatsIls viennent jusque dans vos bras,Egorger vos fils, vos &hellip; <\/p>\n","protected":false},"author":4,"featured_media":0,"parent":0,"menu_order":0,"comment_status":"closed","ping_status":"closed","template":"","meta":[],"_links":{"self":[{"href":"https:\/\/www.monprof.de\/index.php?rest_route=\/wp\/v2\/pages\/649"}],"collection":[{"href":"https:\/\/www.monprof.de\/index.php?rest_route=\/wp\/v2\/pages"}],"about":[{"href":"https:\/\/www.monprof.de\/index.php?rest_route=\/wp\/v2\/types\/page"}],"author":[{"embeddable":true,"href":"https:\/\/www.monprof.de\/index.php?rest_route=\/wp\/v2\/users\/4"}],"replies":[{"embeddable":true,"href":"https:\/\/www.monprof.de\/index.php?rest_route=%2Fwp%2Fv2%2Fcomments&post=649"}],"version-history":[{"count":3,"href":"https:\/\/www.monprof.de\/index.php?rest_route=\/wp\/v2\/pages\/649\/revisions"}],"predecessor-version":[{"id":655,"href":"https:\/\/www.monprof.de\/index.php?rest_route=\/wp\/v2\/pages\/649\/revisions\/655"}],"wp:attachment":[{"href":"https:\/\/www.monprof.de\/index.php?rest_route=%2Fwp%2Fv2%2Fmedia&parent=649"}],"curies":[{"name":"wp","href":"https:\/\/api.w.org\/{rel}","templated":true}]}}