{"id":678,"date":"2020-04-05T10:15:24","date_gmt":"2020-04-05T08:15:24","guid":{"rendered":"http:\/\/www.monprof.de\/?page_id=678"},"modified":"2025-11-13T20:22:40","modified_gmt":"2025-11-13T19:22:40","slug":"les-animaux-de-la-mer-meerestiere","status":"publish","type":"page","link":"https:\/\/www.monprof.de\/?page_id=678","title":{"rendered":"Les animaux de la mer (Meerestiere)"},"content":{"rendered":"\n<div class=\"wp-block-columns is-layout-flex wp-container-4\">\n<div class=\"wp-block-column is-layout-flow\"><div class=\"wp-block-image\">\n<figure class=\"aligncenter size-large\"><a href=\"https:\/\/learningapps.org\/watch?v=pfjr02e1n20\"><img decoding=\"async\" loading=\"lazy\" width=\"219\" height=\"120\" src=\"https:\/\/www.monprof.de\/wp-content\/uploads\/2020\/04\/uebung-wassertiere1.png\" alt=\"\" class=\"wp-image-679\"\/><\/a><\/figure><\/div>\n\n\n<p class=\"has-text-align-center\"><a href=\"https:\/\/learningapps.org\/watch?v=pfjr02e1n20\">Zuordnen<br><em>(Leseverstehen)<\/em><\/a><\/p>\n<\/div>\n\n\n\n<div class=\"wp-block-column is-layout-flow\"><div class=\"wp-block-image\">\n<figure class=\"aligncenter size-large\"><a href=\"https:\/\/learningapps.org\/watch?v=ptn8jv7sj20\"><img decoding=\"async\" loading=\"lazy\" width=\"219\" height=\"120\" src=\"https:\/\/www.monprof.de\/wp-content\/uploads\/2020\/04\/uebung-wassertiere2.png\" alt=\"\" class=\"wp-image-680\"\/><\/a><\/figure><\/div>\n\n\n<p class=\"has-text-align-center\"><a href=\"https:\/\/learningapps.org\/watch?v=ptn8jv7sj20\">Zuordnen<br><em>(H\u00f6rverstehen)<\/em><\/a><\/p>\n<\/div>\n\n\n\n<div class=\"wp-block-column is-layout-flow\"><\/div>\n<\/div>\n\n\n\n<hr class=\"wp-block-separator has-alpha-channel-opacity\"\/>\n\n\n\n<p><em>Liebe Lehrkr\u00e4fte,<\/em><br><em>f\u00fcr Ihren Unterricht k\u00f6nnen Sie sich zu diesem Thema die <a href=\"https:\/\/www.monprof.de\/downloads\/Meerestiere_Wort-und-Bildkarten.pdf\">Wort- und Bildkarten hier herunterladen<\/a>.<\/em><\/p>\n","protected":false},"excerpt":{"rendered":"<p>Zuordnen(Leseverstehen) Zuordnen(H\u00f6rverstehen) Liebe Lehrkr\u00e4fte,f\u00fcr Ihren Unterricht k\u00f6nnen Sie sich zu diesem Thema die Wort- und Bildkarten hier herunterladen.<\/p>\n","protected":false},"author":4,"featured_media":0,"parent":0,"menu_order":0,"comment_status":"closed","ping_status":"closed","template":"","meta":[],"_links":{"self":[{"href":"https:\/\/www.monprof.de\/index.php?rest_route=\/wp\/v2\/pages\/678"}],"collection":[{"href":"https:\/\/www.monprof.de\/index.php?rest_route=\/wp\/v2\/pages"}],"about":[{"href":"https:\/\/www.monprof.de\/index.php?rest_route=\/wp\/v2\/types\/page"}],"author":[{"embeddable":true,"href":"https:\/\/www.monprof.de\/index.php?rest_route=\/wp\/v2\/users\/4"}],"replies":[{"embeddable":true,"href":"https:\/\/www.monprof.de\/index.php?rest_route=%2Fwp%2Fv2%2Fcomments&post=678"}],"version-history":[{"count":5,"href":"https:\/\/www.monprof.de\/index.php?rest_route=\/wp\/v2\/pages\/678\/revisions"}],"predecessor-version":[{"id":1279,"href":"https:\/\/www.monprof.de\/index.php?rest_route=\/wp\/v2\/pages\/678\/revisions\/1279"}],"wp:attachment":[{"href":"https:\/\/www.monprof.de\/index.php?rest_route=%2Fwp%2Fv2%2Fmedia&parent=678"}],"curies":[{"name":"wp","href":"https:\/\/api.w.org\/{rel}","templated":true}]}}