{"id":696,"date":"2020-04-05T15:06:51","date_gmt":"2020-04-05T13:06:51","guid":{"rendered":"http:\/\/www.monprof.de\/?page_id=696"},"modified":"2021-01-31T16:22:39","modified_gmt":"2021-01-31T15:22:39","slug":"les-fruits-obst","status":"publish","type":"page","link":"https:\/\/www.monprof.de\/?page_id=696","title":{"rendered":"les fruits (das Obst)"},"content":{"rendered":"\n<div class=\"wp-block-columns is-layout-flex wp-container-4\">\n<div class=\"wp-block-column is-layout-flow\">\n<div class=\"wp-block-image\"><figure class=\"aligncenter size-large\"><a href=\"https:\/\/learningapps.org\/watch?v=ptsmr694520\"><img decoding=\"async\" loading=\"lazy\" width=\"219\" height=\"120\" src=\"https:\/\/www.monprof.de\/wp-content\/uploads\/2020\/04\/uebung-obst1.png\" alt=\"\" class=\"wp-image-697\"\/><\/a><\/figure><\/div>\n\n\n\n<p class=\"has-text-align-center\"><a href=\"https:\/\/learningapps.org\/watch?v=ptsmr694520\">Memory<br>(Les<em>everstehen)<\/em><\/a><\/p>\n\n\n\n<hr class=\"wp-block-separator\"\/>\n<\/div>\n\n\n\n<div class=\"wp-block-column is-layout-flow\">\n<div class=\"wp-block-image\"><figure class=\"aligncenter size-large\"><a href=\"https:\/\/learningapps.org\/watch?v=p89165v6220\"><img decoding=\"async\" loading=\"lazy\" width=\"219\" height=\"120\" src=\"https:\/\/www.monprof.de\/wp-content\/uploads\/2020\/04\/uebung-obst2.png\" alt=\"\" class=\"wp-image-698\"\/><\/a><\/figure><\/div>\n\n\n\n<p class=\"has-text-align-center\"><a href=\"https:\/\/learningapps.org\/watch?v=p89165v6220\">Memory<br><em>(H\u00f6rverstehen)<\/em><\/a><\/p>\n\n\n\n<hr class=\"wp-block-separator\"\/>\n<\/div>\n\n\n\n<div class=\"wp-block-column is-layout-flow\">\n<div class=\"wp-block-image\"><figure class=\"aligncenter size-large\"><a href=\"https:\/\/learningapps.org\/watch?v=pvquo8cg520\"><img decoding=\"async\" loading=\"lazy\" width=\"219\" height=\"120\" src=\"https:\/\/www.monprof.de\/wp-content\/uploads\/2020\/04\/uebung-obst3.png\" alt=\"\" class=\"wp-image-699\"\/><\/a><\/figure><\/div>\n\n\n\n<p class=\"has-text-align-center\"><a href=\"https:\/\/learningapps.org\/watch?v=pvquo8cg520\">Pinnwand<br><em>(Schreiben)<\/em><\/a><\/p>\n\n\n\n<hr class=\"wp-block-separator\"\/>\n<\/div>\n<\/div>\n\n\n\n<div class=\"wp-block-columns is-layout-flex wp-container-8\">\n<div class=\"wp-block-column is-layout-flow\">\n<div class=\"wp-block-image\"><figure class=\"aligncenter size-large\"><a href=\"https:\/\/learningapps.org\/watch?v=p5u1g90qc20\"><img decoding=\"async\" loading=\"lazy\" width=\"219\" height=\"120\" src=\"https:\/\/www.monprof.de\/wp-content\/uploads\/2020\/04\/uebung-obst4.png\" alt=\"\" class=\"wp-image-700\"\/><\/a><\/figure><\/div>\n\n\n\n<p class=\"has-text-align-center\"><a href=\"https:\/\/learningapps.org\/watch?v=p5u1g90qc20\">Galgenm\u00e4nnchen<br><em>(Leseverstehen)<\/em><\/a><\/p>\n\n\n\n<hr class=\"wp-block-separator\"\/>\n<\/div>\n\n\n\n<div class=\"wp-block-column is-layout-flow\">\n<div class=\"wp-block-image\"><figure class=\"aligncenter size-large\"><a href=\"https:\/\/learningapps.org\/watch?v=pwsqpqwj320\"><img decoding=\"async\" loading=\"lazy\" width=\"219\" height=\"120\" src=\"https:\/\/www.monprof.de\/wp-content\/uploads\/2020\/04\/uebung-obst5.png\" alt=\"\" class=\"wp-image-701\"\/><\/a><\/figure><\/div>\n\n\n\n<p class=\"has-text-align-center\"><a href=\"https:\/\/learningapps.org\/watch?v=pwsqpqwj320\">Kreuzwortr\u00e4tsel<br><em>(Schreiben)<\/em><\/a><\/p>\n\n\n\n<hr class=\"wp-block-separator\"\/>\n<\/div>\n\n\n\n<div class=\"wp-block-column is-layout-flow\">\n<div class=\"wp-block-image\"><figure class=\"aligncenter size-large\"><a href=\"https:\/\/learningapps.org\/watch?v=pomg016an20\"><img decoding=\"async\" loading=\"lazy\" width=\"219\" height=\"120\" src=\"https:\/\/www.monprof.de\/wp-content\/uploads\/2020\/04\/uebung-puzzleobstgemuese-2.png\" alt=\"\" class=\"wp-image-702\"\/><\/a><\/figure><\/div>\n\n\n\n<p class=\"has-text-align-center\"><a href=\"https:\/\/learningapps.org\/watch?v=pomg016an20\">Sortieren<br><em>(Obst + Gem\u00fcse)<\/em><\/a><\/p>\n\n\n\n<hr class=\"wp-block-separator\"\/>\n<\/div>\n<\/div>\n\n\n\n<div class=\"wp-block-image\"><figure class=\"aligncenter size-large\"><a href=\"https:\/\/www.youtube.com\/watch?v=nJ03KjwiIVM\" target=\"_blank\" rel=\"noopener\"><img decoding=\"async\" loading=\"lazy\" width=\"400\" height=\"225\" src=\"https:\/\/www.monprof.de\/wp-content\/uploads\/2021\/01\/youtube-fruits.png\" alt=\"\" class=\"wp-image-980\" srcset=\"https:\/\/www.monprof.de\/wp-content\/uploads\/2021\/01\/youtube-fruits.png 400w, https:\/\/www.monprof.de\/wp-content\/uploads\/2021\/01\/youtube-fruits-300x169.png 300w\" sizes=\"(max-width: 400px) 100vw, 400px\" \/><\/a><figcaption><em>Youtube: Alain le lait &#8211; J&#8217;aime les fruits<\/em><\/figcaption><\/figure><\/div>\n","protected":false},"excerpt":{"rendered":"<p>Memory(Leseverstehen) Memory(H\u00f6rverstehen) Pinnwand(Schreiben) Galgenm\u00e4nnchen(Leseverstehen) Kreuzwortr\u00e4tsel(Schreiben) Sortieren(Obst + Gem\u00fcse)<\/p>\n","protected":false},"author":4,"featured_media":0,"parent":0,"menu_order":0,"comment_status":"closed","ping_status":"closed","template":"","meta":[],"_links":{"self":[{"href":"https:\/\/www.monprof.de\/index.php?rest_route=\/wp\/v2\/pages\/696"}],"collection":[{"href":"https:\/\/www.monprof.de\/index.php?rest_route=\/wp\/v2\/pages"}],"about":[{"href":"https:\/\/www.monprof.de\/index.php?rest_route=\/wp\/v2\/types\/page"}],"author":[{"embeddable":true,"href":"https:\/\/www.monprof.de\/index.php?rest_route=\/wp\/v2\/users\/4"}],"replies":[{"embeddable":true,"href":"https:\/\/www.monprof.de\/index.php?rest_route=%2Fwp%2Fv2%2Fcomments&post=696"}],"version-history":[{"count":5,"href":"https:\/\/www.monprof.de\/index.php?rest_route=\/wp\/v2\/pages\/696\/revisions"}],"predecessor-version":[{"id":982,"href":"https:\/\/www.monprof.de\/index.php?rest_route=\/wp\/v2\/pages\/696\/revisions\/982"}],"wp:attachment":[{"href":"https:\/\/www.monprof.de\/index.php?rest_route=%2Fwp%2Fv2%2Fmedia&parent=696"}],"curies":[{"name":"wp","href":"https:\/\/api.w.org\/{rel}","templated":true}]}}