{"id":719,"date":"2020-04-05T22:43:32","date_gmt":"2020-04-05T20:43:32","guid":{"rendered":"http:\/\/www.monprof.de\/?page_id=719"},"modified":"2024-12-16T14:36:01","modified_gmt":"2024-12-16T13:36:01","slug":"la-meteo-das-wetter","status":"publish","type":"page","link":"https:\/\/www.monprof.de\/?page_id=719","title":{"rendered":"la m\u00e9t\u00e9o (das Wetter)"},"content":{"rendered":"\n<div class=\"wp-block-columns is-layout-flex wp-container-4\">\n<div class=\"wp-block-column is-layout-flow\"><div class=\"wp-block-image\">\n<figure class=\"aligncenter size-large\"><a href=\"https:\/\/learningapps.org\/watch?v=pzo8n2hnv22\"><img decoding=\"async\" loading=\"lazy\" width=\"219\" height=\"120\" src=\"https:\/\/www.monprof.de\/wp-content\/uploads\/2020\/04\/uebung-wetter1.png\" alt=\"\" class=\"wp-image-720\"\/><\/a><\/figure><\/div>\n\n\n<p class=\"has-text-align-center\"><a href=\"https:\/\/learningapps.org\/watch?v=pzo8n2hnv22\">Memory<br><em>(H\u00f6rverstehen)<\/em><\/a><\/p>\n\n\n\n<hr class=\"wp-block-separator has-css-opacity\"\/>\n<\/div>\n\n\n\n<div class=\"wp-block-column is-layout-flow\"><div class=\"wp-block-image\">\n<figure class=\"aligncenter size-large\"><a href=\"https:\/\/learningapps.org\/watch?v=p9yy7kqij20\"><img decoding=\"async\" loading=\"lazy\" width=\"219\" height=\"120\" src=\"https:\/\/www.monprof.de\/wp-content\/uploads\/2020\/04\/uebung-wetter2.png\" alt=\"\" class=\"wp-image-721\"\/><\/a><\/figure><\/div>\n\n\n<p class=\"has-text-align-center\"><a href=\"https:\/\/learningapps.org\/watch?v=p9yy7kqij20\">Memory in S\u00e4tzen<br><em>(H\u00f6rverstehen)<\/em><\/a><\/p>\n\n\n\n<hr class=\"wp-block-separator has-css-opacity\"\/>\n<\/div>\n\n\n\n<div class=\"wp-block-column is-layout-flow\"><div class=\"wp-block-image\">\n<figure class=\"aligncenter size-large\"><a href=\"https:\/\/learningapps.org\/watch?v=pd0oxxtzn20\"><img decoding=\"async\" loading=\"lazy\" width=\"219\" height=\"120\" src=\"https:\/\/www.monprof.de\/wp-content\/uploads\/2020\/04\/uebung-wetter4.png\" alt=\"\" class=\"wp-image-722\"\/><\/a><\/figure><\/div>\n\n\n<p class=\"has-text-align-center\"><a href=\"https:\/\/learningapps.org\/watch?v=pd0oxxtzn20\">Quiz<br><em>(H\u00f6rverstehen)<\/em><\/a><\/p>\n\n\n\n<hr class=\"wp-block-separator has-css-opacity\"\/>\n<\/div>\n<\/div>\n\n\n\n<div class=\"wp-block-columns is-layout-flex wp-container-8\">\n<div class=\"wp-block-column is-layout-flow\"><div class=\"wp-block-image\">\n<figure class=\"aligncenter size-large\"><a href=\"https:\/\/learningapps.org\/watch?v=p5d0maiat20\"><img decoding=\"async\" loading=\"lazy\" width=\"219\" height=\"120\" src=\"https:\/\/www.monprof.de\/wp-content\/uploads\/2020\/04\/uebung-wetter3.png\" alt=\"\" class=\"wp-image-723\"\/><\/a><\/figure><\/div>\n\n\n<p class=\"has-text-align-center\"><a href=\"https:\/\/learningapps.org\/watch?v=p5d0maiat20\">Multiple Choice<br><em>(Leseverstehen)<\/em><\/a><\/p>\n\n\n\n<hr class=\"wp-block-separator has-css-opacity\"\/>\n<\/div>\n\n\n\n<div class=\"wp-block-column is-layout-flow\"><\/div>\n\n\n\n<div class=\"wp-block-column is-layout-flow\">\n<p><strong>Passend zum Thema Wetter gibt es auch ein Video vom kleinen Gnom.<br><a href=\"https:\/\/www.monprof.de\/?page_id=1033\">Einfach hier klicken, und du kannst es dir ansehen&#8230;<\/a><\/strong><\/p>\n\n\n\n<hr class=\"wp-block-separator has-css-opacity\"\/>\n<\/div>\n<\/div>\n\n\n<div class=\"wp-block-image\">\n<figure class=\"aligncenter size-large\"><a href=\"https:\/\/www.youtube.com\/watch?v=eBvJVOuBPXI\" target=\"_blank\" rel=\"noopener\"><img decoding=\"async\" loading=\"lazy\" width=\"400\" height=\"225\" src=\"https:\/\/www.monprof.de\/wp-content\/uploads\/2021\/01\/youtube-queltemps.png\" alt=\"\" class=\"wp-image-966\" srcset=\"https:\/\/www.monprof.de\/wp-content\/uploads\/2021\/01\/youtube-queltemps.png 400w, https:\/\/www.monprof.de\/wp-content\/uploads\/2021\/01\/youtube-queltemps-300x169.png 300w\" sizes=\"(max-width: 400px) 100vw, 400px\" \/><\/a><figcaption class=\"wp-element-caption\">Youtube: Alain le lait &#8211; Quel temps fait-il?<\/figcaption><\/figure><\/div>\n\n\n<figure class=\"wp-block-image\"><img alt=\"\"\/><\/figure>\n","protected":false},"excerpt":{"rendered":"<p>Memory(H\u00f6rverstehen) Memory in S\u00e4tzen(H\u00f6rverstehen) Quiz(H\u00f6rverstehen) Multiple Choice(Leseverstehen) Passend zum Thema Wetter gibt es auch ein Video vom kleinen Gnom.Einfach hier klicken, und du kannst es dir ansehen&#8230;<\/p>\n","protected":false},"author":4,"featured_media":0,"parent":0,"menu_order":0,"comment_status":"closed","ping_status":"closed","template":"","meta":[],"_links":{"self":[{"href":"https:\/\/www.monprof.de\/index.php?rest_route=\/wp\/v2\/pages\/719"}],"collection":[{"href":"https:\/\/www.monprof.de\/index.php?rest_route=\/wp\/v2\/pages"}],"about":[{"href":"https:\/\/www.monprof.de\/index.php?rest_route=\/wp\/v2\/types\/page"}],"author":[{"embeddable":true,"href":"https:\/\/www.monprof.de\/index.php?rest_route=\/wp\/v2\/users\/4"}],"replies":[{"embeddable":true,"href":"https:\/\/www.monprof.de\/index.php?rest_route=%2Fwp%2Fv2%2Fcomments&post=719"}],"version-history":[{"count":4,"href":"https:\/\/www.monprof.de\/index.php?rest_route=\/wp\/v2\/pages\/719\/revisions"}],"predecessor-version":[{"id":1253,"href":"https:\/\/www.monprof.de\/index.php?rest_route=\/wp\/v2\/pages\/719\/revisions\/1253"}],"wp:attachment":[{"href":"https:\/\/www.monprof.de\/index.php?rest_route=%2Fwp%2Fv2%2Fmedia&parent=719"}],"curies":[{"name":"wp","href":"https:\/\/api.w.org\/{rel}","templated":true}]}}