{"id":729,"date":"2020-04-06T18:29:51","date_gmt":"2020-04-06T16:29:51","guid":{"rendered":"http:\/\/www.monprof.de\/?page_id=729"},"modified":"2022-04-07T00:24:48","modified_gmt":"2022-04-06T22:24:48","slug":"le-corps-der-koerper","status":"publish","type":"page","link":"https:\/\/www.monprof.de\/?page_id=729","title":{"rendered":"le corps (der K\u00f6rper)"},"content":{"rendered":"\n<div class=\"wp-block-columns is-layout-flex wp-container-4\">\n<div class=\"wp-block-column is-layout-flow\">\n<div class=\"wp-block-image\"><figure class=\"aligncenter size-large\"><a href=\"https:\/\/learningapps.org\/watch?v=pz98o98i220\"><img decoding=\"async\" loading=\"lazy\" width=\"219\" height=\"120\" src=\"https:\/\/www.monprof.de\/wp-content\/uploads\/2020\/04\/uebung-koerperteile1.png\" alt=\"\" class=\"wp-image-730\"\/><\/a><\/figure><\/div>\n\n\n\n<p class=\"has-text-align-center\"><a href=\"https:\/\/learningapps.org\/watch?v=pz98o98i220\"><strong>Memory 1<\/strong><br><em>(H\u00f6rverstehen)<\/em><\/a><\/p>\n\n\n\n<hr class=\"wp-block-separator\"\/>\n<\/div>\n\n\n\n<div class=\"wp-block-column is-layout-flow\">\n<div class=\"wp-block-image\"><figure class=\"aligncenter size-large\"><a href=\"https:\/\/learningapps.org\/watch?v=pydpgwgqj20\"><img decoding=\"async\" loading=\"lazy\" width=\"219\" height=\"120\" src=\"https:\/\/www.monprof.de\/wp-content\/uploads\/2020\/04\/uebung-koerperteile2.png\" alt=\"\" class=\"wp-image-731\"\/><\/a><\/figure><\/div>\n\n\n\n<p class=\"has-text-align-center\"><a href=\"https:\/\/learningapps.org\/watch?v=pydpgwgqj20\"><strong>Memory 1<\/strong><br><em>(Leseverstehen)<\/em><\/a><\/p>\n\n\n\n<hr class=\"wp-block-separator\"\/>\n<\/div>\n\n\n\n<div class=\"wp-block-column is-layout-flow\">\n<div class=\"wp-block-image\"><figure class=\"aligncenter size-large is-resized\"><a href=\"https:\/\/learningapps.org\/watch?v=pyk69f0r320\"><img decoding=\"async\" loading=\"lazy\" src=\"https:\/\/www.monprof.de\/wp-content\/uploads\/2020\/04\/uebung-koerperteile3.png\" alt=\"\" class=\"wp-image-732\" width=\"219\" height=\"120\"\/><\/a><\/figure><\/div>\n\n\n\n<p class=\"has-text-align-center\"><a href=\"https:\/\/learningapps.org\/watch?v=pyk69f0r320\"><strong>Zuordnen<\/strong><br><em>(H\u00f6rverstehen)<\/em><\/a><\/p>\n\n\n\n<hr class=\"wp-block-separator\"\/>\n<\/div>\n<\/div>\n\n\n\n<div class=\"wp-block-columns is-layout-flex wp-container-8\">\n<div class=\"wp-block-column is-layout-flow\">\n<div class=\"wp-block-image\"><figure class=\"aligncenter size-full\"><a href=\"https:\/\/learningapps.org\/watch?v=pi1m7reka22\"><img decoding=\"async\" loading=\"lazy\" width=\"219\" height=\"120\" src=\"https:\/\/www.monprof.de\/wp-content\/uploads\/2022\/04\/uebung_kopf_hoeren.png\" alt=\"\" class=\"wp-image-1210\"\/><\/a><\/figure><\/div>\n\n\n\n<p class=\"has-text-align-center\"><strong><a href=\"https:\/\/learningapps.org\/watch?v=pz98o98i220\">Memory 2<\/a><\/strong><\/p>\n\n\n\n<p class=\"has-text-align-center\"><em><a href=\"https:\/\/learningapps.org\/watch?v=pz98o98i220\">(H\u00f6rverstehen)<\/a><\/em><\/p>\n\n\n\n<hr class=\"wp-block-separator aligncenter\"\/>\n<\/div>\n\n\n\n<div class=\"wp-block-column is-layout-flow\">\n<div class=\"wp-block-image\"><figure class=\"aligncenter size-full\"><a href=\"https:\/\/learningapps.org\/watch?v=p1tsye50322\"><img decoding=\"async\" loading=\"lazy\" width=\"219\" height=\"120\" src=\"https:\/\/www.monprof.de\/wp-content\/uploads\/2022\/04\/uebung_kopf_lesen.png\" alt=\"\" class=\"wp-image-1211\"\/><\/a><\/figure><\/div>\n\n\n\n<p class=\"has-text-align-center\"><strong><a href=\"https:\/\/learningapps.org\/watch?v=pi1m7reka22\">Memory 2<\/a><\/strong><\/p>\n\n\n\n<p class=\"has-text-align-center\"><em><a href=\"https:\/\/learningapps.org\/watch?v=pi1m7reka22\">(Leseverstehen)<\/a><\/em><\/p>\n\n\n\n<hr class=\"wp-block-separator aligncenter\"\/>\n<\/div>\n\n\n\n<div class=\"wp-block-column is-layout-flow\">\n<div class=\"wp-block-image\"><figure class=\"aligncenter size-full\"><a href=\"https:\/\/learningapps.org\/watch?v=p8jw779q322\"><img decoding=\"async\" loading=\"lazy\" width=\"219\" height=\"120\" src=\"https:\/\/www.monprof.de\/wp-content\/uploads\/2022\/04\/uebung_koerper-pendu.png\" alt=\"\" class=\"wp-image-1212\"\/><\/a><\/figure><\/div>\n\n\n\n<p class=\"has-text-align-center\"><strong><a href=\"https:\/\/learningapps.org\/watch?v=p8jw779q322\">Galgenm\u00e4nnchen<\/a><\/strong><\/p>\n\n\n\n<hr class=\"wp-block-separator\"\/>\n<\/div>\n<\/div>\n\n\n\n<div class=\"wp-block-columns is-layout-flex wp-container-11\">\n<div class=\"wp-block-column is-layout-flow\">\n<div class=\"wp-block-image\"><figure class=\"aligncenter size-large\"><a href=\"https:\/\/www.youtube.com\/watch?v=bChrAwLzoSo\" target=\"_blank\" rel=\"noopener\"><img decoding=\"async\" loading=\"lazy\" width=\"400\" height=\"225\" src=\"https:\/\/www.monprof.de\/wp-content\/uploads\/2021\/01\/youtube-corps.png\" alt=\"\" class=\"wp-image-968\" srcset=\"https:\/\/www.monprof.de\/wp-content\/uploads\/2021\/01\/youtube-corps.png 400w, https:\/\/www.monprof.de\/wp-content\/uploads\/2021\/01\/youtube-corps-300x169.png 300w\" sizes=\"(max-width: 400px) 100vw, 400px\" \/><\/a><figcaption><em>Youtube: Alain le lait &#8211; les parties du corps<\/em><\/figcaption><\/figure><\/div>\n<\/div>\n\n\n\n<div class=\"wp-block-column is-layout-flow\">\n<p><strong>Passend zum Thema &#8222;K\u00f6rper&#8220; gibt es ein Video vom kleinen Gnom.<br><a href=\"https:\/\/www.monprof.de\/?page_id=1013\">Einfach hier klicken, um das Video anzusehen&#8230;<\/a><\/strong><\/p>\n<\/div>\n<\/div>\n\n\n\n<p><\/p>\n","protected":false},"excerpt":{"rendered":"<p>Memory 1(H\u00f6rverstehen) Memory 1(Leseverstehen) Zuordnen(H\u00f6rverstehen) Memory 2 (H\u00f6rverstehen) Memory 2 (Leseverstehen) Galgenm\u00e4nnchen Passend zum Thema &#8222;K\u00f6rper&#8220; gibt es ein Video vom kleinen Gnom.Einfach hier klicken, um das Video anzusehen&#8230;<\/p>\n","protected":false},"author":4,"featured_media":0,"parent":0,"menu_order":0,"comment_status":"closed","ping_status":"closed","template":"","meta":[],"_links":{"self":[{"href":"https:\/\/www.monprof.de\/index.php?rest_route=\/wp\/v2\/pages\/729"}],"collection":[{"href":"https:\/\/www.monprof.de\/index.php?rest_route=\/wp\/v2\/pages"}],"about":[{"href":"https:\/\/www.monprof.de\/index.php?rest_route=\/wp\/v2\/types\/page"}],"author":[{"embeddable":true,"href":"https:\/\/www.monprof.de\/index.php?rest_route=\/wp\/v2\/users\/4"}],"replies":[{"embeddable":true,"href":"https:\/\/www.monprof.de\/index.php?rest_route=%2Fwp%2Fv2%2Fcomments&post=729"}],"version-history":[{"count":4,"href":"https:\/\/www.monprof.de\/index.php?rest_route=\/wp\/v2\/pages\/729\/revisions"}],"predecessor-version":[{"id":1213,"href":"https:\/\/www.monprof.de\/index.php?rest_route=\/wp\/v2\/pages\/729\/revisions\/1213"}],"wp:attachment":[{"href":"https:\/\/www.monprof.de\/index.php?rest_route=%2Fwp%2Fv2%2Fmedia&parent=729"}],"curies":[{"name":"wp","href":"https:\/\/api.w.org\/{rel}","templated":true}]}}