{"id":762,"date":"2020-04-07T17:48:12","date_gmt":"2020-04-07T15:48:12","guid":{"rendered":"http:\/\/www.monprof.de\/?page_id=762"},"modified":"2021-01-31T16:24:28","modified_gmt":"2021-01-31T15:24:28","slug":"les-vetements-die-kleider","status":"publish","type":"page","link":"https:\/\/www.monprof.de\/?page_id=762","title":{"rendered":"les v\u00eatements (die Kleider)"},"content":{"rendered":"\n<p>Die Kleidungsst\u00fccke wurden vorab in Sommer- und Winterkleider eingeordnet. Damit verringert sich der \u00dcbungsumfang. Das Angebot an \u00dcbungen nimmt jedoch zu!<\/p>\n\n\n\n<div class=\"wp-block-columns is-layout-flex wp-container-4\">\n<div class=\"wp-block-column is-layout-flow\">\n<div class=\"wp-block-image\"><figure class=\"aligncenter size-large\"><a href=\"https:\/\/learningapps.org\/watch?v=p8otboj7t20\"><img decoding=\"async\" loading=\"lazy\" width=\"219\" height=\"120\" src=\"https:\/\/www.monprof.de\/wp-content\/uploads\/2020\/04\/uebung-sommerkleider2.png\" alt=\"\" class=\"wp-image-763\"\/><\/a><\/figure><\/div>\n\n\n\n<p class=\"has-text-align-center\"><a href=\"https:\/\/learningapps.org\/watch?v=p8otboj7t20\"><strong>Sommer<\/strong>kleider<br>Memory<br><em>(Leseverstehen)<\/em><\/a><\/p>\n\n\n\n<hr class=\"wp-block-separator\"\/>\n<\/div>\n\n\n\n<div class=\"wp-block-column is-layout-flow\">\n<div class=\"wp-block-image\"><figure class=\"aligncenter size-large\"><a href=\"https:\/\/learningapps.org\/watch?v=pi4wh5r6520\"><img decoding=\"async\" loading=\"lazy\" width=\"219\" height=\"120\" src=\"https:\/\/www.monprof.de\/wp-content\/uploads\/2020\/04\/uebung-sommerkleider1.png\" alt=\"\" class=\"wp-image-764\"\/><\/a><\/figure><\/div>\n\n\n\n<p class=\"has-text-align-center\"><a href=\"https:\/\/learningapps.org\/watch?v=pi4wh5r6520\"><strong>Sommer<\/strong>kleider<br>Memory<br><em>(H\u00f6rverstehen)<\/em><\/a><\/p>\n\n\n\n<hr class=\"wp-block-separator\"\/>\n<\/div>\n\n\n\n<div class=\"wp-block-column is-layout-flow\">\n<div class=\"wp-block-image\"><figure class=\"aligncenter size-large\"><a href=\"https:\/\/learningapps.org\/watch?v=p6dppueyc20\"><img decoding=\"async\" loading=\"lazy\" width=\"219\" height=\"120\" src=\"https:\/\/www.monprof.de\/wp-content\/uploads\/2020\/04\/uebung-sommerkleider3.png\" alt=\"\" class=\"wp-image-765\"\/><\/a><\/figure><\/div>\n\n\n\n<p class=\"has-text-align-center\"><a href=\"https:\/\/learningapps.org\/watch?v=p6dppueyc20\"><strong>Sommer<\/strong>kleider<br>Galgenm\u00e4nnchen<br><em>(Schreiben)<\/em><\/a><\/p>\n\n\n\n<hr class=\"wp-block-separator\"\/>\n<\/div>\n<\/div>\n\n\n\n<div class=\"wp-block-columns is-layout-flex wp-container-8\">\n<div class=\"wp-block-column is-layout-flow\">\n<div class=\"wp-block-image\"><figure class=\"aligncenter size-large\"><a href=\"https:\/\/learningapps.org\/watch?v=pb1mjn7sa20\"><img decoding=\"async\" loading=\"lazy\" width=\"219\" height=\"120\" src=\"https:\/\/www.monprof.de\/wp-content\/uploads\/2020\/04\/uebung-winterkleider2.png\" alt=\"\" class=\"wp-image-766\"\/><\/a><\/figure><\/div>\n\n\n\n<p class=\"has-text-align-center\"><a href=\"https:\/\/learningapps.org\/watch?v=pb1mjn7sa20\"><strong>Winter<\/strong>kleider<br>Memory<br><em>(Leseverstehen)<\/em><\/a><\/p>\n\n\n\n<hr class=\"wp-block-separator\"\/>\n<\/div>\n\n\n\n<div class=\"wp-block-column is-layout-flow\">\n<div class=\"wp-block-image\"><figure class=\"aligncenter size-large\"><a href=\"https:\/\/learningapps.org\/watch?v=pp4v23e0t20\"><img decoding=\"async\" loading=\"lazy\" width=\"219\" height=\"120\" src=\"https:\/\/www.monprof.de\/wp-content\/uploads\/2020\/04\/uebung-winterkleider1.png\" alt=\"\" class=\"wp-image-767\"\/><\/a><\/figure><\/div>\n\n\n\n<p class=\"has-text-align-center\"><a href=\"https:\/\/learningapps.org\/watch?v=pp4v23e0t20\"><strong>Winter<\/strong>kleider<br>Memory<br><em>(H\u00f6rverstehen)<\/em><\/a><\/p>\n\n\n\n<hr class=\"wp-block-separator\"\/>\n<\/div>\n\n\n\n<div class=\"wp-block-column is-layout-flow\">\n<div class=\"wp-block-image\"><figure class=\"aligncenter size-large\"><a href=\"https:\/\/learningapps.org\/watch?v=pk3j7y15a20\"><img decoding=\"async\" loading=\"lazy\" width=\"219\" height=\"120\" src=\"https:\/\/www.monprof.de\/wp-content\/uploads\/2020\/04\/uebung-winterkleider3.png\" alt=\"\" class=\"wp-image-768\"\/><\/a><\/figure><\/div>\n\n\n\n<p class=\"has-text-align-center\"><a href=\"https:\/\/learningapps.org\/watch?v=pk3j7y15a20\"><strong>Winter<\/strong>kleider<br>Galgenm\u00e4nnchen<br><em>(Schreiben)<\/em><\/a><\/p>\n\n\n\n<hr class=\"wp-block-separator\"\/>\n<\/div>\n<\/div>\n\n\n\n<div class=\"wp-block-columns is-layout-flex wp-container-12\">\n<div class=\"wp-block-column is-layout-flow\">\n<div class=\"wp-block-image\"><figure class=\"aligncenter size-large\"><a href=\"https:\/\/learningapps.org\/watch?v=pj46ewopc20\"><img decoding=\"async\" loading=\"lazy\" width=\"219\" height=\"120\" src=\"https:\/\/www.monprof.de\/wp-content\/uploads\/2020\/04\/uebung-kleider1.png\" alt=\"\" class=\"wp-image-769\"\/><\/a><\/figure><\/div>\n\n\n\n<p class=\"has-text-align-center\"><a href=\"https:\/\/learningapps.org\/watch?v=pj46ewopc20\">Kleider sortieren<br><em>(Leseverstehen)<\/em><\/a><\/p>\n\n\n\n<hr class=\"wp-block-separator\"\/>\n<\/div>\n\n\n\n<div class=\"wp-block-column is-layout-flow\">\n<figure class=\"wp-block-image\"><img alt=\"\"\/><\/figure>\n<\/div>\n\n\n\n<div class=\"wp-block-column is-layout-flow\">\n<figure class=\"wp-block-image\"><img alt=\"\"\/><\/figure>\n<\/div>\n<\/div>\n\n\n\n<div class=\"wp-block-image\"><figure class=\"aligncenter size-large\"><a href=\"https:\/\/www.youtube.com\/watch?v=JDidxfQ4qB4\" target=\"_blank\" rel=\"noopener\"><img decoding=\"async\" loading=\"lazy\" width=\"400\" height=\"225\" src=\"https:\/\/www.monprof.de\/wp-content\/uploads\/2021\/01\/youtube-vetements.png\" alt=\"\" class=\"wp-image-984\" srcset=\"https:\/\/www.monprof.de\/wp-content\/uploads\/2021\/01\/youtube-vetements.png 400w, https:\/\/www.monprof.de\/wp-content\/uploads\/2021\/01\/youtube-vetements-300x169.png 300w\" sizes=\"(max-width: 400px) 100vw, 400px\" \/><\/a><figcaption><em>Youtube: Alaine le lait &#8211; les v\u00eatements<\/em><\/figcaption><\/figure><\/div>\n","protected":false},"excerpt":{"rendered":"<p>Die Kleidungsst\u00fccke wurden vorab in Sommer- und Winterkleider eingeordnet. Damit verringert sich der \u00dcbungsumfang. Das Angebot an \u00dcbungen nimmt jedoch zu! SommerkleiderMemory(Leseverstehen) SommerkleiderMemory(H\u00f6rverstehen) SommerkleiderGalgenm\u00e4nnchen(Schreiben) WinterkleiderMemory(Leseverstehen) WinterkleiderMemory(H\u00f6rverstehen) WinterkleiderGalgenm\u00e4nnchen(Schreiben) Kleider sortieren(Leseverstehen)<\/p>\n","protected":false},"author":4,"featured_media":0,"parent":0,"menu_order":0,"comment_status":"closed","ping_status":"closed","template":"","meta":[],"_links":{"self":[{"href":"https:\/\/www.monprof.de\/index.php?rest_route=\/wp\/v2\/pages\/762"}],"collection":[{"href":"https:\/\/www.monprof.de\/index.php?rest_route=\/wp\/v2\/pages"}],"about":[{"href":"https:\/\/www.monprof.de\/index.php?rest_route=\/wp\/v2\/types\/page"}],"author":[{"embeddable":true,"href":"https:\/\/www.monprof.de\/index.php?rest_route=\/wp\/v2\/users\/4"}],"replies":[{"embeddable":true,"href":"https:\/\/www.monprof.de\/index.php?rest_route=%2Fwp%2Fv2%2Fcomments&post=762"}],"version-history":[{"count":3,"href":"https:\/\/www.monprof.de\/index.php?rest_route=\/wp\/v2\/pages\/762\/revisions"}],"predecessor-version":[{"id":986,"href":"https:\/\/www.monprof.de\/index.php?rest_route=\/wp\/v2\/pages\/762\/revisions\/986"}],"wp:attachment":[{"href":"https:\/\/www.monprof.de\/index.php?rest_route=%2Fwp%2Fv2%2Fmedia&parent=762"}],"curies":[{"name":"wp","href":"https:\/\/api.w.org\/{rel}","templated":true}]}}