{"id":932,"date":"2021-01-30T15:06:46","date_gmt":"2021-01-30T14:06:46","guid":{"rendered":"https:\/\/www.monprof.de\/?page_id=932"},"modified":"2021-01-30T15:57:23","modified_gmt":"2021-01-30T14:57:23","slug":"leo-woerterbuch","status":"publish","type":"page","link":"https:\/\/www.monprof.de\/?page_id=932","title":{"rendered":"LEO &#8211; W\u00f6rterbuch"},"content":{"rendered":"\n<p><form target=\"_blank\" method=\"get\" action=\"https:\/\/dict.leo.org\/franz\u00f6sisch-deutsch\/\" style=\"display: flex; align-items: center; height: 64px\">\n    <a target=\"_blank\" href=\"https:\/\/dict.leo.org\/franz\u00f6sisch-deutsch\/\" style=\"margin-right: 20px\" rel=\"noopener\">\n        <img decoding=\"async\" loading=\"lazy\" src=\"https:\/\/dict.leo.org\/img\/leos\/withFlags\/64x64\/leo_frde.png\" border=\"0\" height=\"64\" width=\"64\" alt=\"LEO - Dictionary\">\n    <\/a>\n    <div style=\"display:flex\">\n        <input type=\"text\" name=\"search\" size=\"20\" value=\"\" placeholder=\"Suchbegriff eingeben...\" style=\"height: 24px;padding: 2px;margin-right: 4px;\"\/>\n        <input type=\"submit\" value=\"Suchen\" style=\"line-height: 24px; padding: 6px;\"\/>\n    <\/div>\n<\/form> <\/p>\n\n\n\n<p><span class=\"has-inline-color has-vivid-red-color\">Ich m\u00f6chte dir hier das LEO-W\u00f6rterbuch vorstellen<\/span><\/p>\n\n\n\n<p><strong>Wenn du die franz\u00f6sische \u00dcbersetzung zu einem Wort suchst, dann findest du sie bei LEO auf jeden Fall!<\/strong><\/p>\n\n\n\n<p>Bist du zum ersten Mal bei LEO, dann w\u00e4hle oben das richtige W\u00f6rterbuch aus: <strong>Franz\u00f6sisch &#8211; Deutsch<\/strong>  <em>(2. Symbol von links)<\/em><\/p>\n\n\n\n<figure class=\"wp-block-image size-large\"><img decoding=\"async\" loading=\"lazy\" width=\"1024\" height=\"184\" src=\"https:\/\/www.monprof.de\/wp-content\/uploads\/2021\/01\/LEO-Suchleiste-1024x184.png\" alt=\"\" class=\"wp-image-933\" srcset=\"https:\/\/www.monprof.de\/wp-content\/uploads\/2021\/01\/LEO-Suchleiste-1024x184.png 1024w, https:\/\/www.monprof.de\/wp-content\/uploads\/2021\/01\/LEO-Suchleiste-300x54.png 300w, https:\/\/www.monprof.de\/wp-content\/uploads\/2021\/01\/LEO-Suchleiste-768x138.png 768w, https:\/\/www.monprof.de\/wp-content\/uploads\/2021\/01\/LEO-Suchleiste.png 1034w\" sizes=\"(max-width: 1024px) 100vw, 1024px\" \/><\/figure>\n\n\n\n<p>Anschlie\u00dfend gibst du in die Suchleiste das gesuchte Wort ein, z.B. <strong><em>L\u00f6we<\/em><\/strong> und dr\u00fccke auf die Lupe oder die Enter-Taste.<\/p>\n\n\n\n<figure class=\"wp-block-image size-large\"><img decoding=\"async\" loading=\"lazy\" width=\"1024\" height=\"337\" src=\"https:\/\/www.monprof.de\/wp-content\/uploads\/2021\/01\/Leo-Suchbegriff-Loewe-1024x337.png\" alt=\"\" class=\"wp-image-934\" srcset=\"https:\/\/www.monprof.de\/wp-content\/uploads\/2021\/01\/Leo-Suchbegriff-Loewe-1024x337.png 1024w, https:\/\/www.monprof.de\/wp-content\/uploads\/2021\/01\/Leo-Suchbegriff-Loewe-300x99.png 300w, https:\/\/www.monprof.de\/wp-content\/uploads\/2021\/01\/Leo-Suchbegriff-Loewe-768x252.png 768w, https:\/\/www.monprof.de\/wp-content\/uploads\/2021\/01\/Leo-Suchbegriff-Loewe.png 1488w\" sizes=\"(max-width: 1024px) 100vw, 1024px\" \/><\/figure>\n\n\n\n<p>LEO zeigt dir dann direkt alle m\u00f6glichen \u00dcbersetzungen an.<\/p>\n\n\n\n<p>Das Tolle an LEO ist, dass du dir auch direkt anh\u00f6ren kannst, <strong>wie das Wort richtig ausgesprochen wird<\/strong>. Klicke dazu einfach auf das kleine Abspielen-Symbol vor dem Wort. Auf diese Weise kannst du die Aussprache trainieren.<\/p>\n\n\n\n<p>LEO gibt es auch als <strong>App f\u00fcr mobile Ger\u00e4te<\/strong> (Smartphone, Tablet) und bietet weitere n\u00fctzliche Funktionen wie den Vokabeltrainer, das Forum oder Sprachkurse.<\/p>\n\n\n\n<p>Weil ich selbst gerne LEO nutze und das LEO-W\u00f6rterbuch so einfach zu bedienen ist, habe ich einen Suchbalken auf der monProf-Startseite eingef\u00fcgt.<br>Mit monProf und LEO seid ihr nun etwas besser vorbereitet auf die Zeit au\u00dferhalb des Franz\u00f6sisch-Unterrichts.<br>Viel Spa\u00df ! <\/p>\n","protected":false},"excerpt":{"rendered":"<p>Ich m\u00f6chte dir hier das LEO-W\u00f6rterbuch vorstellen Wenn du die franz\u00f6sische \u00dcbersetzung zu einem Wort suchst, dann findest du sie bei LEO auf jeden Fall! Bist du zum ersten Mal bei LEO, dann w\u00e4hle oben das richtige W\u00f6rterbuch aus: Franz\u00f6sisch &hellip; <\/p>\n","protected":false},"author":4,"featured_media":0,"parent":0,"menu_order":0,"comment_status":"closed","ping_status":"closed","template":"","meta":[],"_links":{"self":[{"href":"https:\/\/www.monprof.de\/index.php?rest_route=\/wp\/v2\/pages\/932"}],"collection":[{"href":"https:\/\/www.monprof.de\/index.php?rest_route=\/wp\/v2\/pages"}],"about":[{"href":"https:\/\/www.monprof.de\/index.php?rest_route=\/wp\/v2\/types\/page"}],"author":[{"embeddable":true,"href":"https:\/\/www.monprof.de\/index.php?rest_route=\/wp\/v2\/users\/4"}],"replies":[{"embeddable":true,"href":"https:\/\/www.monprof.de\/index.php?rest_route=%2Fwp%2Fv2%2Fcomments&post=932"}],"version-history":[{"count":3,"href":"https:\/\/www.monprof.de\/index.php?rest_route=\/wp\/v2\/pages\/932\/revisions"}],"predecessor-version":[{"id":962,"href":"https:\/\/www.monprof.de\/index.php?rest_route=\/wp\/v2\/pages\/932\/revisions\/962"}],"wp:attachment":[{"href":"https:\/\/www.monprof.de\/index.php?rest_route=%2Fwp%2Fv2%2Fmedia&parent=932"}],"curies":[{"name":"wp","href":"https:\/\/api.w.org\/{rel}","templated":true}]}}