{"id":988,"date":"2021-05-02T19:07:09","date_gmt":"2021-05-02T17:07:09","guid":{"rendered":"https:\/\/www.monprof.de\/?page_id=988"},"modified":"2021-05-02T19:07:58","modified_gmt":"2021-05-02T17:07:58","slug":"les-hobbys-freizeitaktivitaeten","status":"publish","type":"page","link":"https:\/\/www.monprof.de\/?page_id=988","title":{"rendered":"Les hobbys (Freizeitaktivit\u00e4ten)"},"content":{"rendered":"\n<div class=\"wp-block-columns is-layout-flex wp-container-4\">\n<div class=\"wp-block-column is-layout-flow\">\n<div class=\"wp-block-image\"><figure class=\"aligncenter size-large\"><a href=\"https:\/\/learningapps.org\/watch?v=pu3e2ca3t21\"><img decoding=\"async\" loading=\"lazy\" width=\"219\" height=\"120\" src=\"https:\/\/www.monprof.de\/wp-content\/uploads\/2021\/05\/uebung_hobbys-galgen.png\" alt=\"\" class=\"wp-image-989\"\/><\/a><\/figure><\/div>\n\n\n\n<p class=\"has-text-align-center\"><a href=\"https:\/\/learningapps.org\/watch?v=pu3e2ca3t21\"><strong>Galgenm\u00e4nnchen<\/strong><br><em>(= le pendu)<\/em><\/a><br><span class=\"has-inline-color has-white-color\">&#8211;<\/span><\/p>\n\n\n\n<hr class=\"wp-block-separator\"\/>\n<\/div>\n\n\n\n<div class=\"wp-block-column is-layout-flow\">\n<div class=\"wp-block-image\"><figure class=\"aligncenter size-large\"><a href=\"https:\/\/learningapps.org\/watch?v=ph6cua1va21\"><img decoding=\"async\" loading=\"lazy\" width=\"219\" height=\"120\" src=\"https:\/\/www.monprof.de\/wp-content\/uploads\/2021\/05\/uebung_hobbys_memory1b.png\" alt=\"\" class=\"wp-image-990\"\/><\/a><\/figure><\/div>\n\n\n\n<p class=\"has-text-align-center\"><strong><span class=\"has-inline-color has-vivid-purple-color\">Hobbys f\u00fcr Drau\u00dfen<\/span><\/strong><br><a href=\"https:\/\/learningapps.org\/watch?v=ph6cua1va21\"><strong>Memory<\/strong><br><em>(H\u00f6rverstehen)<\/em><\/a><\/p>\n\n\n\n<hr class=\"wp-block-separator\"\/>\n<\/div>\n\n\n\n<div class=\"wp-block-column is-layout-flow\">\n<div class=\"wp-block-image\"><figure class=\"aligncenter size-large\"><a href=\"https:\/\/learningapps.org\/watch?v=pwxgox39n21\"><img decoding=\"async\" loading=\"lazy\" width=\"219\" height=\"120\" src=\"https:\/\/www.monprof.de\/wp-content\/uploads\/2021\/05\/uebung_hobbys_memory1.png\" alt=\"\" class=\"wp-image-991\"\/><\/a><\/figure><\/div>\n\n\n\n<p class=\"has-text-align-center\"><strong><span class=\"has-inline-color has-vivid-purple-color\">Hobbys f\u00fcr Drau\u00dfen<\/span><\/strong><br><a href=\"https:\/\/learningapps.org\/watch?v=pwxgox39n21\"><strong>Memory<\/strong> <em>(Leseverstehen)<\/em><\/a><\/p>\n\n\n\n<hr class=\"wp-block-separator\"\/>\n<\/div>\n<\/div>\n\n\n\n<div class=\"wp-block-columns is-layout-flex wp-container-8\">\n<div class=\"wp-block-column is-layout-flow\">\n<div class=\"wp-block-image\"><figure class=\"aligncenter size-large\"><a href=\"https:\/\/learningapps.org\/watch?v=p49ye4f4k21\"><img decoding=\"async\" loading=\"lazy\" width=\"219\" height=\"120\" src=\"https:\/\/www.monprof.de\/wp-content\/uploads\/2021\/05\/uebung_hobbys-miilionaer.png\" alt=\"\" class=\"wp-image-992\"\/><\/a><\/figure><\/div>\n\n\n\n<p class=\"has-text-align-center\"><a href=\"https:\/\/learningapps.org\/watch?v=p49ye4f4k21\"><strong>Quiz<\/strong><br><em>Wer wird Million\u00e4r?<\/em> <\/a> <br><span class=\"has-inline-color has-white-color\">&#8211;<\/span>   <\/p>\n\n\n\n<hr class=\"wp-block-separator\"\/>\n<\/div>\n\n\n\n<div class=\"wp-block-column is-layout-flow\">\n<div class=\"wp-block-image\"><figure class=\"aligncenter size-large\"><a href=\"https:\/\/learningapps.org\/watch?v=pnqd4hxan21\"><img decoding=\"async\" loading=\"lazy\" width=\"219\" height=\"120\" src=\"https:\/\/www.monprof.de\/wp-content\/uploads\/2021\/05\/uebung_hobbys_memory2b.png\" alt=\"\" class=\"wp-image-993\"\/><\/a><\/figure><\/div>\n\n\n\n<p class=\"has-text-align-center\"><span class=\"has-inline-color has-vivid-purple-color\"><strong>Hobbys f\u00fcr Innen<\/strong><\/span><br><a href=\"https:\/\/learningapps.org\/watch?v=pnqd4hxan21\"><strong>Memory<\/strong><br><em>(H\u00f6rverstehen)<\/em><\/a><\/p>\n\n\n\n<hr class=\"wp-block-separator\"\/>\n<\/div>\n\n\n\n<div class=\"wp-block-column is-layout-flow\">\n<div class=\"wp-block-image\"><figure class=\"aligncenter size-large\"><a href=\"https:\/\/learningapps.org\/watch?v=pnnokyefc21\"><img decoding=\"async\" loading=\"lazy\" width=\"219\" height=\"120\" src=\"https:\/\/www.monprof.de\/wp-content\/uploads\/2021\/05\/uebung_hobbys_memory2.png\" alt=\"\" class=\"wp-image-994\"\/><\/a><\/figure><\/div>\n\n\n\n<p class=\"has-text-align-center\"><strong><span class=\"has-inline-color has-vivid-purple-color\">Hobbys f\u00fcr Innen<\/span><\/strong><br><a href=\"https:\/\/learningapps.org\/watch?v=pnnokyefc21\"><strong>Memory<\/strong><br><em>(Leseverstehen)<\/em><\/a><\/p>\n\n\n\n<hr class=\"wp-block-separator\"\/>\n<\/div>\n<\/div>\n","protected":false},"excerpt":{"rendered":"<p>Galgenm\u00e4nnchen(= le pendu)&#8211; Hobbys f\u00fcr Drau\u00dfenMemory(H\u00f6rverstehen) Hobbys f\u00fcr Drau\u00dfenMemory (Leseverstehen) QuizWer wird Million\u00e4r? &#8211; Hobbys f\u00fcr InnenMemory(H\u00f6rverstehen) Hobbys f\u00fcr InnenMemory(Leseverstehen)<\/p>\n","protected":false},"author":4,"featured_media":0,"parent":0,"menu_order":0,"comment_status":"closed","ping_status":"closed","template":"","meta":[],"_links":{"self":[{"href":"https:\/\/www.monprof.de\/index.php?rest_route=\/wp\/v2\/pages\/988"}],"collection":[{"href":"https:\/\/www.monprof.de\/index.php?rest_route=\/wp\/v2\/pages"}],"about":[{"href":"https:\/\/www.monprof.de\/index.php?rest_route=\/wp\/v2\/types\/page"}],"author":[{"embeddable":true,"href":"https:\/\/www.monprof.de\/index.php?rest_route=\/wp\/v2\/users\/4"}],"replies":[{"embeddable":true,"href":"https:\/\/www.monprof.de\/index.php?rest_route=%2Fwp%2Fv2%2Fcomments&post=988"}],"version-history":[{"count":2,"href":"https:\/\/www.monprof.de\/index.php?rest_route=\/wp\/v2\/pages\/988\/revisions"}],"predecessor-version":[{"id":997,"href":"https:\/\/www.monprof.de\/index.php?rest_route=\/wp\/v2\/pages\/988\/revisions\/997"}],"wp:attachment":[{"href":"https:\/\/www.monprof.de\/index.php?rest_route=%2Fwp%2Fv2%2Fmedia&parent=988"}],"curies":[{"name":"wp","href":"https:\/\/api.w.org\/{rel}","templated":true}]}}